{"id":11,"date":"2025-10-02T15:24:43","date_gmt":"2025-10-02T15:24:43","guid":{"rendered":"https:\/\/ciejanette.fr\/?page_id=11"},"modified":"2025-10-14T12:59:26","modified_gmt":"2025-10-14T12:59:26","slug":"contacts","status":"publish","type":"page","link":"https:\/\/ciejanette.fr\/?page_id=11","title":{"rendered":"Contact"},"content":{"rendered":"\n<div class=\"wp-block-media-text alignwide is-stacked-on-mobile\" style=\"grid-template-columns:43% auto\"><figure class=\"wp-block-media-text__media\"><img fetchpriority=\"high\" decoding=\"async\" width=\"1024\" height=\"683\" src=\"https:\/\/ciejanette.fr\/wp-content\/uploads\/2025\/10\/Gloria-3-Copyright-Pauline-Murris-2-1024x683.jpg\" alt=\"\" class=\"wp-image-7536 size-full\" srcset=\"https:\/\/ciejanette.fr\/wp-content\/uploads\/2025\/10\/Gloria-3-Copyright-Pauline-Murris-2-1024x683.jpg 1024w, https:\/\/ciejanette.fr\/wp-content\/uploads\/2025\/10\/Gloria-3-Copyright-Pauline-Murris-2-300x200.jpg 300w, https:\/\/ciejanette.fr\/wp-content\/uploads\/2025\/10\/Gloria-3-Copyright-Pauline-Murris-2-2000x1333.jpg 2000w\" sizes=\"(max-width: 1024px) 100vw, 1024px\" \/><\/figure><div class=\"wp-block-media-text__content\">\n<p><\/p>\n\n\n\n<p class=\"has-foreground-color has-text-color has-link-color wp-elements-161c7d3c859c1dda7b663155521f99fb\"><strong>Directrice artistique<\/strong> : Pauline Murris (06 25 55 15 98)<\/p>\n\n\n\n<p class=\"has-foreground-color has-text-color has-link-color wp-elements-aa01e4f5ec3d12041b959a4180e64084\"><strong>Charg\u00e9e de production-diffusion<\/strong> : L\u00e9a Montalbano (06 74 87 60 95)<\/p>\n\n\n\n<p class=\"has-foreground-color has-text-color has-link-color wp-elements-6c4c202626db04bc03c08752ba1d80ad\"><strong>Nous \u00e9crire<\/strong> : ciejanette@gmail.com<\/p>\n<\/div><\/div>\n\n\n\n<p><\/p>\n","protected":false},"excerpt":{"rendered":"<p>Directrice artistique : Pauline Murris (06 25 55 15 98) Charg\u00e9e de production-diffusion : L\u00e9a Montalbano (06 74 87 60 95) Nous \u00e9crire : ciejanette@gmail.com<\/p>\n","protected":false},"author":1,"featured_media":0,"parent":0,"menu_order":0,"comment_status":"closed","ping_status":"closed","template":"","meta":{"footnotes":""},"class_list":["post-11","page","type-page","status-publish","hentry"],"featured_media_urls":[],"_links":{"self":[{"href":"https:\/\/ciejanette.fr\/index.php?rest_route=\/wp\/v2\/pages\/11","targetHints":{"allow":["GET"]}}],"collection":[{"href":"https:\/\/ciejanette.fr\/index.php?rest_route=\/wp\/v2\/pages"}],"about":[{"href":"https:\/\/ciejanette.fr\/index.php?rest_route=\/wp\/v2\/types\/page"}],"author":[{"embeddable":true,"href":"https:\/\/ciejanette.fr\/index.php?rest_route=\/wp\/v2\/users\/1"}],"replies":[{"embeddable":true,"href":"https:\/\/ciejanette.fr\/index.php?rest_route=%2Fwp%2Fv2%2Fcomments&post=11"}],"version-history":[{"count":26,"href":"https:\/\/ciejanette.fr\/index.php?rest_route=\/wp\/v2\/pages\/11\/revisions"}],"predecessor-version":[{"id":7537,"href":"https:\/\/ciejanette.fr\/index.php?rest_route=\/wp\/v2\/pages\/11\/revisions\/7537"}],"wp:attachment":[{"href":"https:\/\/ciejanette.fr\/index.php?rest_route=%2Fwp%2Fv2%2Fmedia&parent=11"}],"curies":[{"name":"wp","href":"https:\/\/api.w.org\/{rel}","templated":true}]}}