{"id":14,"date":"2025-10-02T15:26:07","date_gmt":"2025-10-02T15:26:07","guid":{"rendered":"https:\/\/ciejanette.fr\/?page_id=14"},"modified":"2026-02-18T18:20:24","modified_gmt":"2026-02-18T18:20:24","slug":"projets","status":"publish","type":"page","link":"https:\/\/ciejanette.fr\/","title":{"rendered":"Projets"},"content":{"rendered":"\n<div class=\"wp-block-media-text is-stacked-on-mobile\"><figure class=\"wp-block-media-text__media\"><img fetchpriority=\"high\" decoding=\"async\" width=\"1024\" height=\"683\" src=\"https:\/\/ciejanette.fr\/wp-content\/uploads\/2025\/10\/Les-trois-personnage-Copyright-Pauline-Murris-1-1024x683.jpg\" alt=\"\" class=\"wp-image-7199 size-full\" srcset=\"https:\/\/ciejanette.fr\/wp-content\/uploads\/2025\/10\/Les-trois-personnage-Copyright-Pauline-Murris-1-1024x683.jpg 1024w, https:\/\/ciejanette.fr\/wp-content\/uploads\/2025\/10\/Les-trois-personnage-Copyright-Pauline-Murris-1-300x200.jpg 300w, https:\/\/ciejanette.fr\/wp-content\/uploads\/2025\/10\/Les-trois-personnage-Copyright-Pauline-Murris-1-2000x1333.jpg 2000w\" sizes=\"(max-width: 1024px) 100vw, 1024px\" \/><\/figure><div class=\"wp-block-media-text__content\">\n<p><\/p>\n\n\n\n<p><strong><mark style=\"background-color:rgba(0, 0, 0, 0)\" class=\"has-inline-color has-primary-color\">SE SAUVER<\/mark><\/strong><\/p>\n\n\n\n<p><mark style=\"background-color:rgba(0, 0, 0, 0)\" class=\"has-inline-color has-primary-color\"><strong>Cr\u00e9ation 2025<\/strong> \/<em>S\u00e9rie th\u00e9\u00e2trale pour l&rsquo;espace public<\/em><\/mark><\/p>\n\n\n\n<p>D<mark style=\"background-color:rgba(0, 0, 0, 0)\" class=\"has-inline-color has-primary-color\">es personnages de fiction (une mari\u00e9e en cavale \/ une voyageuse f\u00e9brile \/ une travailleuse en burn out) s&rsquo;infiltrent dans la vie quotidienne d&rsquo;un lieu pendant plusieurs jours.<\/mark><\/p>\n\n\n\n<p><mark style=\"background-color:rgba(0, 0, 0, 0)\" class=\"has-inline-color has-primary-color\"><strong>Dur\u00e9e<\/strong> : 3 jours minimum<\/mark><\/p>\n\n\n\n<p><mark style=\"background-color:rgba(0, 0, 0, 0)\" class=\"has-inline-color has-primary-color\"><strong>Lieux de jeu possibles<\/strong> : un village \/ un quartier de ville \/ un \u00e9tablissement sp\u00e9cifique avec des espaces de vie internes (universit\u00e9, ehpad, foyer, ferry&#8230;). Possible d&rsquo;inventer quelque chose dans le cadre d&rsquo;un festival.<\/mark><\/p>\n\n\n\n<p><a href=\"https:\/\/ciejanette.fr\/?page_id=6837\" data-type=\"page\" data-id=\"6837\">En savoir +<\/a><\/p>\n<\/div><\/div>\n\n\n\n<div class=\"wp-block-group has-global-padding is-layout-constrained wp-block-group-is-layout-constrained\"><\/div>\n\n\n\n<div class=\"wp-block-media-text has-media-on-the-right is-stacked-on-mobile\"><div class=\"wp-block-media-text__content\">\n<p><\/p>\n\n\n\n<p><strong><mark style=\"background-color:rgba(0, 0, 0, 0)\" class=\"has-inline-color has-primary-color\">VIELLES FILLES EN FEU<\/mark><\/strong> <mark style=\"background-color:rgba(0, 0, 0, 0)\" class=\"has-inline-color has-primary-color\">(titre provisoire)<\/mark><\/p>\n\n\n\n<p><mark style=\"background-color:rgba(0, 0, 0, 0)\" class=\"has-inline-color has-primary-color\"><strong>Cr\u00e9ation 20<\/strong><strong>28<\/strong> \/<em>De l&rsquo;enqu\u00eate socio-th\u00e9\u00e2trale \u00e0 la soir\u00e9e pyjama <\/em><\/mark><\/p>\n\n\n\n<p><mark style=\"background-color:rgba(0, 0, 0, 0)\" class=\"has-inline-color has-primary-color\">Enqu\u00eatrices aux m\u00e9thodes peu conventionnelles, puisant dans les outils de la sociologie et du th\u00e9\u00e2tre de rue, Pauline et Adriana vont \u00e0 la rencontre des outsiders du couple et de la parentalit\u00e9 : les \u00ab\u00a0vieilles filles\u00a0\u00bb. Cette enqu\u00eate pourrait bien donner lieu \u00e0 une grande soir\u00e9e pyjama spectaculaire.<\/mark><\/p>\n\n\n\n<p><a href=\"https:\/\/ciejanette.fr\/?page_id=7521\" data-type=\"page\" data-id=\"7521\">En savoir +<\/a><\/p>\n\n\n\n<p><\/p>\n<\/div><figure class=\"wp-block-media-text__media\"><img decoding=\"async\" width=\"1000\" height=\"621\" src=\"https:\/\/ciejanette.fr\/wp-content\/uploads\/2025\/12\/GLORIA-1.jpg\" alt=\"\" class=\"wp-image-7699 size-full\" srcset=\"https:\/\/ciejanette.fr\/wp-content\/uploads\/2025\/12\/GLORIA-1.jpg 1000w, https:\/\/ciejanette.fr\/wp-content\/uploads\/2025\/12\/GLORIA-1-300x186.jpg 300w\" sizes=\"(max-width: 1000px) 100vw, 1000px\" \/><\/figure><\/div>\n\n\n\n<div class=\"wp-block-group is-nowrap is-layout-flex wp-container-core-group-is-layout-6c531013 wp-block-group-is-layout-flex\">\n<div class=\"wp-block-media-text is-stacked-on-mobile\"><figure class=\"wp-block-media-text__media\"><img decoding=\"async\" width=\"1024\" height=\"747\" src=\"https:\/\/ciejanette.fr\/wp-content\/uploads\/2025\/12\/logo-U.F-2-1024x747.jpg\" alt=\"\" class=\"wp-image-7648 size-full\" srcset=\"https:\/\/ciejanette.fr\/wp-content\/uploads\/2025\/12\/logo-U.F-2-1024x747.jpg 1024w, https:\/\/ciejanette.fr\/wp-content\/uploads\/2025\/12\/logo-U.F-2-300x219.jpg 300w, https:\/\/ciejanette.fr\/wp-content\/uploads\/2025\/12\/logo-U.F-2-2000x1458.jpg 2000w\" sizes=\"(max-width: 1024px) 100vw, 1024px\" \/><\/figure><div class=\"wp-block-media-text__content\">\n<p><\/p>\n\n\n\n<p><\/p>\n\n\n\n<p><strong><mark style=\"background-color:rgba(0, 0, 0, 0)\" class=\"has-inline-color has-primary-color\">URGENCE-FICTION<\/mark><\/strong><\/p>\n\n\n\n<p><mark style=\"background-color:rgba(0, 0, 0, 0)\" class=\"has-inline-color has-primary-color\"><strong>Cr\u00e9ation 2028<\/strong> <\/mark><\/p>\n\n\n\n<p><mark style=\"background-color:rgba(0, 0, 0, 0)\" class=\"has-inline-color has-primary-color\"><em>Besoin de faire une pause avec la r\u00e9alit\u00e9&nbsp;?&nbsp;<\/em> <em>La solitude vous oppresse&nbsp;?&nbsp;<\/em> <em>Le quotidien vous para\u00eet trop morose, trop ennuyeux&nbsp;? Prenez rdv avec un personnage de fiction !<\/em><\/mark><\/p>\n\n\n\n<p><mark style=\"background-color:rgba(0, 0, 0, 0)\" class=\"has-inline-color has-primary-color\">Urgence-fiction est un nouveau service public de l\u2019imaginaire qui propose \u00e0 ses b\u00e9n\u00e9ficiaires de prendre rendez-vous avec un personnage de fiction. <\/mark><\/p>\n\n\n\n<p><mark style=\"background-color:rgba(0, 0, 0, 0)\" class=\"has-inline-color has-primary-color\"><strong>Lieux de jeu possibles<\/strong> : h\u00f4pital, prison, foyer, ehpad&#8230;<\/mark><\/p>\n\n\n\n<p><mark style=\"background-color:rgba(0, 0, 0, 0)\" class=\"has-inline-color has-secondary-color\"><a href=\"https:\/\/ciejanette.fr\/?page_id=7659\" data-type=\"page\" data-id=\"7659\">En savoir +<\/a><\/mark><\/p>\n\n\n\n<p><\/p>\n\n\n\n<p><\/p>\n\n\n\n<p><\/p>\n<\/div><\/div>\n<\/div>\n\n\n\n<p><\/p>\n\n\n\n<div class=\"wp-block-media-text has-media-on-the-right is-stacked-on-mobile\"><div class=\"wp-block-media-text__content\">\n<p><\/p>\n\n\n\n<p><strong><mark style=\"background-color:rgba(0, 0, 0, 0)\" class=\"has-inline-color has-primary-color\">L&rsquo;HEURE VAGABONDE<\/mark><\/strong><\/p>\n\n\n\n<p><mark style=\"background-color:rgba(0, 0, 0, 0)\" class=\"has-inline-color has-primary-color\"><strong>Cr\u00e9ation 2021<\/strong> \/ <em>fausse \u00e9mission po\u00e9tique tout terrain<\/em><\/mark><\/p>\n\n\n\n<p><mark style=\"background-color:rgba(0, 0, 0, 0)\" class=\"has-inline-color has-primary-color\"><strong>Dur\u00e9e<\/strong> : 1h<\/mark><\/p>\n\n\n\n<p><mark style=\"background-color:rgba(0, 0, 0, 0)\" class=\"has-inline-color has-primary-color\">Interview\u00e9es par une journaliste, des \u00e9crivaines-voyageuses d&rsquo;horizons diff\u00e9rents viennent t\u00e9moigner de leur usage du monde, et questionner le public. Une invitation \u00e0 f\u00e9miniser et d\u00e9coloniser notre rapport au voyage.<\/mark><\/p>\n\n\n\n<p><mark style=\"background-color:rgba(0, 0, 0, 0)\" class=\"has-inline-color has-primary-color\"><strong>Lieux de jeu possibles <\/strong>: biblioth\u00e8que, placette, jardin, salle de classe, foyer&#8230;<\/mark><\/p>\n\n\n\n<p><a href=\"https:\/\/ciejanette.fr\/?page_id=7022\" data-type=\"page\" data-id=\"7022\">En savoir +<\/a><\/p>\n<\/div><figure class=\"wp-block-media-text__media\"><img loading=\"lazy\" decoding=\"async\" width=\"1024\" height=\"683\" src=\"https:\/\/ciejanette.fr\/wp-content\/uploads\/2025\/10\/Lheure-vag-1024x683.jpg\" alt=\"\" class=\"wp-image-7358 size-full\" srcset=\"https:\/\/ciejanette.fr\/wp-content\/uploads\/2025\/10\/Lheure-vag-1024x683.jpg 1024w, https:\/\/ciejanette.fr\/wp-content\/uploads\/2025\/10\/Lheure-vag-300x200.jpg 300w, https:\/\/ciejanette.fr\/wp-content\/uploads\/2025\/10\/Lheure-vag-2000x1333.jpg 2000w, https:\/\/ciejanette.fr\/wp-content\/uploads\/2025\/10\/Lheure-vag-600x400.jpg 600w, https:\/\/ciejanette.fr\/wp-content\/uploads\/2025\/10\/Lheure-vag-1200x800.jpg 1200w\" sizes=\"(max-width: 1024px) 100vw, 1024px\" \/><\/figure><\/div>\n\n\n\n<p><\/p>\n\n\n\n<p><\/p>\n\n\n\n<p><\/p>\n\n\n\n<p><\/p>\n\n\n\n<p><\/p>\n","protected":false},"excerpt":{"rendered":"<p>SE SAUVER Cr\u00e9ation 2025 \/S\u00e9rie th\u00e9\u00e2trale pour l&rsquo;espace public Des personnages de fiction (une mari\u00e9e en cavale \/ une voyageuse f\u00e9brile \/ une travailleuse en burn out) s&rsquo;infiltrent dans la vie quotidienne d&rsquo;un lieu pendant plusieurs jours. Dur\u00e9e : 3 jours minimum Lieux de jeu possibles : un village \/ un quartier de ville \/ &hellip; <\/p>\n<p class=\"link-more\"><a href=\"https:\/\/ciejanette.fr\/\" class=\"more-link\">Lire la suite de<span class=\"screen-reader-text\">\u00ab\u00a0Projets\u00a0\u00bb<\/span><\/a><\/p>\n","protected":false},"author":1,"featured_media":0,"parent":0,"menu_order":0,"comment_status":"closed","ping_status":"closed","template":"","meta":{"footnotes":""},"class_list":["post-14","page","type-page","status-publish","hentry"],"featured_media_urls":[],"_links":{"self":[{"href":"https:\/\/ciejanette.fr\/index.php?rest_route=\/wp\/v2\/pages\/14","targetHints":{"allow":["GET"]}}],"collection":[{"href":"https:\/\/ciejanette.fr\/index.php?rest_route=\/wp\/v2\/pages"}],"about":[{"href":"https:\/\/ciejanette.fr\/index.php?rest_route=\/wp\/v2\/types\/page"}],"author":[{"embeddable":true,"href":"https:\/\/ciejanette.fr\/index.php?rest_route=\/wp\/v2\/users\/1"}],"replies":[{"embeddable":true,"href":"https:\/\/ciejanette.fr\/index.php?rest_route=%2Fwp%2Fv2%2Fcomments&post=14"}],"version-history":[{"count":58,"href":"https:\/\/ciejanette.fr\/index.php?rest_route=\/wp\/v2\/pages\/14\/revisions"}],"predecessor-version":[{"id":7733,"href":"https:\/\/ciejanette.fr\/index.php?rest_route=\/wp\/v2\/pages\/14\/revisions\/7733"}],"wp:attachment":[{"href":"https:\/\/ciejanette.fr\/index.php?rest_route=%2Fwp%2Fv2%2Fmedia&parent=14"}],"curies":[{"name":"wp","href":"https:\/\/api.w.org\/{rel}","templated":true}]}}