{"id":6837,"date":"2023-11-16T13:46:59","date_gmt":"2023-11-16T13:46:59","guid":{"rendered":"https:\/\/demo.wpzoom.com\/inspiro-lite-blocks-xml\/?page_id=6837"},"modified":"2025-12-16T12:57:21","modified_gmt":"2025-12-16T12:57:21","slug":"about-2","status":"publish","type":"page","link":"https:\/\/ciejanette.fr\/?page_id=6837","title":{"rendered":"Et si un personnage de fiction d\u00e9barquait chez vous ?"},"content":{"rendered":"\n<figure class=\"wp-block-gallery has-nested-images columns-default is-cropped wp-block-gallery-1 is-layout-flex wp-block-gallery-is-layout-flex\">\n<figure class=\"wp-block-image size-large\"><img fetchpriority=\"high\" decoding=\"async\" width=\"1024\" height=\"577\" data-id=\"7203\" src=\"https:\/\/ciejanette.fr\/wp-content\/uploads\/2025\/10\/Madeleine-4-Copyright-Olga-Mathey-1024x577.jpg\" alt=\"\" class=\"wp-image-7203\" srcset=\"https:\/\/ciejanette.fr\/wp-content\/uploads\/2025\/10\/Madeleine-4-Copyright-Olga-Mathey-1024x577.jpg 1024w, https:\/\/ciejanette.fr\/wp-content\/uploads\/2025\/10\/Madeleine-4-Copyright-Olga-Mathey-300x169.jpg 300w, https:\/\/ciejanette.fr\/wp-content\/uploads\/2025\/10\/Madeleine-4-Copyright-Olga-Mathey-2000x1127.jpg 2000w\" sizes=\"(max-width: 1024px) 100vw, 1024px\" \/><\/figure>\n\n\n\n<figure class=\"wp-block-image size-large\"><img decoding=\"async\" width=\"1024\" height=\"577\" data-id=\"7166\" src=\"https:\/\/ciejanette.fr\/wp-content\/uploads\/2025\/10\/Tina-1-Cpopyright-Olga-Mathey-1-1024x577.jpg\" alt=\"\" class=\"wp-image-7166\" srcset=\"https:\/\/ciejanette.fr\/wp-content\/uploads\/2025\/10\/Tina-1-Cpopyright-Olga-Mathey-1-1024x577.jpg 1024w, https:\/\/ciejanette.fr\/wp-content\/uploads\/2025\/10\/Tina-1-Cpopyright-Olga-Mathey-1-300x169.jpg 300w, https:\/\/ciejanette.fr\/wp-content\/uploads\/2025\/10\/Tina-1-Cpopyright-Olga-Mathey-1-2000x1127.jpg 2000w\" sizes=\"(max-width: 1024px) 100vw, 1024px\" \/><\/figure>\n\n\n\n<figure class=\"wp-block-image size-large\"><img decoding=\"async\" width=\"1024\" height=\"577\" data-id=\"7196\" src=\"https:\/\/ciejanette.fr\/wp-content\/uploads\/2025\/10\/Gloria-1-Copyright-Olga-Mathey-2-1024x577.jpg\" alt=\"\" class=\"wp-image-7196\" srcset=\"https:\/\/ciejanette.fr\/wp-content\/uploads\/2025\/10\/Gloria-1-Copyright-Olga-Mathey-2-1024x577.jpg 1024w, https:\/\/ciejanette.fr\/wp-content\/uploads\/2025\/10\/Gloria-1-Copyright-Olga-Mathey-2-300x169.jpg 300w, https:\/\/ciejanette.fr\/wp-content\/uploads\/2025\/10\/Gloria-1-Copyright-Olga-Mathey-2-2000x1127.jpg 2000w\" sizes=\"(max-width: 1024px) 100vw, 1024px\" \/><\/figure>\n<\/figure>\n\n\n\n<div style=\"height:100px\" aria-hidden=\"true\" class=\"wp-block-spacer\"><\/div>\n\n\n\n<hr class=\"wp-block-separator has-alpha-channel-opacity\"\/>\n\n\n\n<div class=\"wp-block-group is-style-default has-global-padding is-layout-constrained wp-container-core-group-is-layout-02ab25f7 wp-block-group-is-layout-constrained\" style=\"padding-top:60px;padding-bottom:60px;padding-left:0\">\n<div class=\"wp-block-group has-global-padding is-layout-constrained wp-block-group-is-layout-constrained\">\n<div class=\"wp-block-columns is-layout-flex wp-container-core-columns-is-layout-d7d455e7 wp-block-columns-is-layout-flex\" style=\"padding-top:0;padding-right:0;padding-bottom:0;padding-left:0\">\n<div class=\"wp-block-column is-vertically-aligned-center is-layout-flow wp-block-column-is-layout-flow\" style=\"padding-left:var(--wp--preset--spacing--80);flex-basis:50%\">\n<p class=\"has-text-color\" style=\"color:#0bb4aa\"><mark style=\"background-color:rgba(0, 0, 0, 0)\" class=\"has-inline-color has-primary-color\"><code>S\u00e9rie th\u00e9\u00e2trale pour l'espace public<\/code><\/mark><\/p>\n\n\n\n<h2 class=\"wp-block-heading has-large-font-size\">SE SAUVER<\/h2>\n\n\n\n<div class=\"wp-block-group has-global-padding is-layout-constrained wp-block-group-is-layout-constrained\">\n<p><mark style=\"background-color:#101010\" class=\"has-inline-color has-background-color\"><strong><code>SYNOPSIS<\/code><\/strong><\/mark><mark style=\"background-color:#ffffff\" class=\"has-inline-color has-background-color\"> <\/mark>: <mark style=\"background-color:rgba(0, 0, 0, 0)\" class=\"has-inline-color has-primary-color\">La premi\u00e8re s&rsquo;est \u00e9chapp\u00e9 de son mariage.<strong>&nbsp;<\/strong>La seconde a tellement r\u00eav\u00e9 d&rsquo;aventure qu&rsquo;elle a fini par se lancer. La troisi\u00e8me a d\u00e9sert\u00e9 son bureau. Hasard, usure, fantasme, ces trois femmes se sont sauv\u00e9es et se sont retrouv\u00e9es sur les routes. Jusqu&rsquo;au jour o\u00f9 ces trois femmes d\u00e9barquent chez vous.<\/mark><\/p>\n\n\n\n<p><mark style=\"background-color:#101010\" class=\"has-inline-color has-background-color\"><strong><code>CONCRETEMENT<\/code><\/strong><\/mark><mark style=\"background-color:#ffffff\" class=\"has-inline-color has-background-color\"> <\/mark>: <mark style=\"background-color:rgba(0, 0, 0, 0)\" class=\"has-inline-color has-primary-color\">SE SAUVER est une s\u00e9rie th\u00e9\u00e2trale, en plusieurs \u00e9pisodes, qui se joue dans la r\u00e9alit\u00e9. Pendant plusieurs jours (3 jours minimum), des personnages de fiction vont d\u00e9barquer dans la vie quotidienne d&rsquo;un lieu, \u00e0 la rencontre de ses habitant\u00b7e\u00b7s.<\/mark><\/p>\n\n\n\n<p><strong><a href=\"https:\/\/drive.google.com\/file\/d\/1DlN8BOtrUheyZ-YsPjSTbKQ96UDmvzJM\/view?usp=drive_link\" data-type=\"link\" data-id=\"https:\/\/drive.google.com\/file\/d\/1J1o3d110JOXKqNwqYFUN0h9HO6AJXsor\/view?usp=sharing\"><mark style=\"background-color:#f9fafd\" class=\"has-inline-color has-primary-color\">CONSULTER LE DOSSIER ARTISTIQUE<\/mark><\/a><\/strong><\/p>\n\n\n\n<p><strong><a href=\"https:\/\/drive.google.com\/file\/d\/1R6QWCpem9gFeExdl6uC_d6Ufr-gSWU80\/view?usp=sharing\"><mark style=\"background-color:#ffffff\" class=\"has-inline-color has-primary-color\">LES DIFFERENTS EPISODES DANS LE DETAIL<\/mark><\/a><\/strong><\/p>\n\n\n\n<p><\/p>\n<\/div>\n<\/div>\n\n\n\n<div class=\"wp-block-column is-vertically-aligned-stretch is-layout-flow wp-block-column-is-layout-flow\" style=\"flex-basis:50%\">\n<figure class=\"wp-block-gallery alignright has-nested-images columns-default is-cropped wp-block-gallery-2 is-layout-flex wp-block-gallery-is-layout-flex\">\n<figure class=\"wp-block-image size-large\"><img loading=\"lazy\" decoding=\"async\" width=\"768\" height=\"1024\" data-id=\"7224\" src=\"https:\/\/ciejanette.fr\/wp-content\/uploads\/2025\/10\/DSC4759guillemot-768x1024.jpg\" alt=\"\" class=\"wp-image-7224\" srcset=\"https:\/\/ciejanette.fr\/wp-content\/uploads\/2025\/10\/DSC4759guillemot-768x1024.jpg 768w, https:\/\/ciejanette.fr\/wp-content\/uploads\/2025\/10\/DSC4759guillemot-225x300.jpg 225w, https:\/\/ciejanette.fr\/wp-content\/uploads\/2025\/10\/DSC4759guillemot-2000x2667.jpg 2000w, https:\/\/ciejanette.fr\/wp-content\/uploads\/2025\/10\/DSC4759guillemot-scaled.jpg 1920w\" sizes=\"(max-width: 768px) 100vw, 768px\" \/><\/figure>\n\n\n\n<figure class=\"wp-block-image size-full\"><img loading=\"lazy\" decoding=\"async\" width=\"667\" height=\"1000\" data-id=\"7279\" src=\"https:\/\/ciejanette.fr\/wp-content\/uploads\/2025\/10\/14.jpg\" alt=\"\" class=\"wp-image-7279\" srcset=\"https:\/\/ciejanette.fr\/wp-content\/uploads\/2025\/10\/14.jpg 667w, https:\/\/ciejanette.fr\/wp-content\/uploads\/2025\/10\/14-200x300.jpg 200w\" sizes=\"(max-width: 667px) 100vw, 667px\" \/><\/figure>\n\n\n\n<figure class=\"wp-block-image size-large\"><img loading=\"lazy\" decoding=\"async\" width=\"679\" height=\"1024\" data-id=\"7205\" src=\"https:\/\/ciejanette.fr\/wp-content\/uploads\/2025\/10\/Tina-2-Copyright-Olga-Mathey-2-679x1024.jpg\" alt=\"\" class=\"wp-image-7205\" srcset=\"https:\/\/ciejanette.fr\/wp-content\/uploads\/2025\/10\/Tina-2-Copyright-Olga-Mathey-2-679x1024.jpg 679w, https:\/\/ciejanette.fr\/wp-content\/uploads\/2025\/10\/Tina-2-Copyright-Olga-Mathey-2-199x300.jpg 199w, https:\/\/ciejanette.fr\/wp-content\/uploads\/2025\/10\/Tina-2-Copyright-Olga-Mathey-2.jpg 1358w\" sizes=\"(max-width: 679px) 100vw, 679px\" \/><\/figure>\n\n\n\n<figure class=\"wp-block-image size-large\"><img loading=\"lazy\" decoding=\"async\" width=\"1024\" height=\"683\" data-id=\"7199\" src=\"https:\/\/ciejanette.fr\/wp-content\/uploads\/2025\/10\/Les-trois-personnage-Copyright-Pauline-Murris-1-1024x683.jpg\" alt=\"\" class=\"wp-image-7199\" srcset=\"https:\/\/ciejanette.fr\/wp-content\/uploads\/2025\/10\/Les-trois-personnage-Copyright-Pauline-Murris-1-1024x683.jpg 1024w, https:\/\/ciejanette.fr\/wp-content\/uploads\/2025\/10\/Les-trois-personnage-Copyright-Pauline-Murris-1-300x200.jpg 300w, https:\/\/ciejanette.fr\/wp-content\/uploads\/2025\/10\/Les-trois-personnage-Copyright-Pauline-Murris-1-2000x1333.jpg 2000w\" sizes=\"(max-width: 1024px) 100vw, 1024px\" \/><\/figure>\n<\/figure>\n<\/div>\n<\/div>\n<\/div>\n<\/div>\n\n\n\n<figure class=\"wp-block-embed is-type-video is-provider-youtube wp-block-embed-youtube wp-embed-aspect-16-9 wp-has-aspect-ratio\"><div class=\"wp-block-embed__wrapper\">\n<iframe title=\"&quot;SE SAUVER&quot;\" width=\"950\" height=\"534\" src=\"https:\/\/www.youtube.com\/embed\/ZJKcjrmCqM0?feature=oembed\" frameborder=\"0\" allow=\"accelerometer; autoplay; clipboard-write; encrypted-media; gyroscope; picture-in-picture; web-share\" referrerpolicy=\"strict-origin-when-cross-origin\" allowfullscreen><\/iframe>\n<\/div><\/figure>\n\n\n\n<div style=\"height:100px\" aria-hidden=\"true\" class=\"wp-block-spacer\"><\/div>\n\n\n\n<div class=\"wp-block-group is-nowrap is-layout-flex wp-container-core-group-is-layout-6c531013 wp-block-group-is-layout-flex\">\n<div id=\"team\" class=\"wp-block-group has-global-padding is-layout-constrained wp-block-group-is-layout-constrained\">\n<div class=\"wp-block-group is-layout-flow wp-block-group-is-layout-flow\">\n<h2 class=\"wp-block-heading has-large-font-size\">Les personnages<\/h2>\n\n\n\n<div style=\"height:0px\" aria-hidden=\"true\" class=\"wp-block-spacer\"><\/div>\n\n\n\n<div class=\"wp-block-columns is-layout-flex wp-container-core-columns-is-layout-28f84493 wp-block-columns-is-layout-flex\">\n<div class=\"wp-block-column is-style-default is-layout-flow wp-block-column-is-layout-flow\" style=\"border-style:none;border-width:0px;padding-top:0;padding-right:0;padding-bottom:0;padding-left:0\">\n<figure class=\"wp-block-image size-full is-style-default\"><img loading=\"lazy\" decoding=\"async\" width=\"2560\" height=\"1442\" src=\"https:\/\/ciejanette.fr\/wp-content\/uploads\/2025\/10\/12-scaled.jpg\" alt=\"\" class=\"wp-image-7307\" srcset=\"https:\/\/ciejanette.fr\/wp-content\/uploads\/2025\/10\/12-scaled.jpg 2560w, https:\/\/ciejanette.fr\/wp-content\/uploads\/2025\/10\/12-300x169.jpg 300w, https:\/\/ciejanette.fr\/wp-content\/uploads\/2025\/10\/12-1024x577.jpg 1024w, https:\/\/ciejanette.fr\/wp-content\/uploads\/2025\/10\/12-2000x1127.jpg 2000w\" sizes=\"(max-width: 2560px) 100vw, 2560px\" \/><\/figure>\n\n\n\n<h3 class=\"wp-block-heading\">GLORIA<strong> <\/strong><\/h3>\n\n\n\n<p><em><mark style=\"background-color:rgba(0, 0, 0, 0)\" class=\"has-inline-color has-primary-color\">La femme qui n&rsquo;a plus rien \u00e0 perdre<\/mark><\/em><\/p>\n\n\n\n<p><mark style=\"background-color:rgba(0, 0, 0, 0)\" class=\"has-inline-color has-primary-color\">Gloria s&rsquo;est \u00e9chapp\u00e9e de son propre mariage, juste apr\u00e8s avoir d\u00e9couvert l\u2019impensable. Apr\u00e8s avoir r\u00e9gl\u00e9 son compte \u00e0 son ex-futur-\u00e9poux, elle part concr\u00e9tiser son r\u00eave de com\u00e9die musicale \u00e0 Broadway.<\/mark><\/p>\n<\/div>\n\n\n\n<div class=\"wp-block-column is-style-default is-layout-flow wp-block-column-is-layout-flow\" style=\"border-style:none;border-width:0px;padding-top:0;padding-right:0;padding-bottom:0;padding-left:0\">\n<figure class=\"wp-block-image size-full\"><img loading=\"lazy\" decoding=\"async\" width=\"2560\" height=\"1442\" src=\"https:\/\/ciejanette.fr\/wp-content\/uploads\/2025\/10\/16.0JPG-scaled.jpg\" alt=\"\" class=\"wp-image-7284\" srcset=\"https:\/\/ciejanette.fr\/wp-content\/uploads\/2025\/10\/16.0JPG-scaled.jpg 2560w, https:\/\/ciejanette.fr\/wp-content\/uploads\/2025\/10\/16.0JPG-300x169.jpg 300w, https:\/\/ciejanette.fr\/wp-content\/uploads\/2025\/10\/16.0JPG-1024x577.jpg 1024w, https:\/\/ciejanette.fr\/wp-content\/uploads\/2025\/10\/16.0JPG-2000x1127.jpg 2000w\" sizes=\"(max-width: 2560px) 100vw, 2560px\" \/><\/figure>\n\n\n\n<h3 class=\"wp-block-heading\">MADELEINE <\/h3>\n\n\n\n<p><em><mark style=\"background-color:rgba(0, 0, 0, 0)\" class=\"has-inline-color has-primary-color\">La femme h\u00e9sitante<\/mark><\/em><\/p>\n\n\n\n<p><mark style=\"background-color:rgba(0, 0, 0, 0)\" class=\"has-inline-color has-primary-color\">Madeleine est experte en r\u00e9cits de voyage et passionn\u00e9e par les \u00e9crivaines-voyageuses.<br>Apr\u00e8s de multiples faux d\u00e9parts, elle s&rsquo;est enfin lanc\u00e9e enfin sur les routes.<\/mark><\/p>\n<\/div>\n\n\n\n<div class=\"wp-block-column is-style-default is-layout-flow wp-block-column-is-layout-flow\" style=\"border-style:none;border-width:0px;padding-top:0;padding-right:0;padding-bottom:0;padding-left:0\">\n<figure class=\"wp-block-image size-full\"><img loading=\"lazy\" decoding=\"async\" width=\"2560\" height=\"1442\" src=\"https:\/\/ciejanette.fr\/wp-content\/uploads\/2025\/10\/Tina-1-Cpopyright-Olga-Mathey-2-scaled.jpg\" alt=\"\" class=\"wp-image-7204\" srcset=\"https:\/\/ciejanette.fr\/wp-content\/uploads\/2025\/10\/Tina-1-Cpopyright-Olga-Mathey-2-scaled.jpg 2560w, https:\/\/ciejanette.fr\/wp-content\/uploads\/2025\/10\/Tina-1-Cpopyright-Olga-Mathey-2-300x169.jpg 300w, https:\/\/ciejanette.fr\/wp-content\/uploads\/2025\/10\/Tina-1-Cpopyright-Olga-Mathey-2-1024x577.jpg 1024w, https:\/\/ciejanette.fr\/wp-content\/uploads\/2025\/10\/Tina-1-Cpopyright-Olga-Mathey-2-2000x1127.jpg 2000w\" sizes=\"(max-width: 2560px) 100vw, 2560px\" \/><\/figure>\n\n\n\n<h3 class=\"wp-block-heading\">TINA <\/h3>\n\n\n\n<p><em><mark style=\"background-color:rgba(0, 0, 0, 0)\" class=\"has-inline-color has-primary-color\">La femme K-O<\/mark><\/em><\/p>\n\n\n\n<p><mark style=\"background-color:rgba(0, 0, 0, 0)\" class=\"has-inline-color has-primary-color\">Ce matin, Tina n&rsquo;est pas all\u00e9e au travail.<br>Elle s&rsquo;est rendue \u00e0 la gare, et elle a saut\u00e9 dans un train, au hasard. C&rsquo;est la premi\u00e8re fois qu&rsquo;elle fait \u00e7a. Aujourd&rsquo;hui, la voil\u00e0 qui se laisse d\u00e9river, au fil des rues et des rencontres.<\/mark><\/p>\n<\/div>\n<\/div>\n\n\n\n<div style=\"height:63px\" aria-hidden=\"true\" class=\"wp-block-spacer\"><\/div>\n\n\n\n<div class=\"wp-block-columns is-layout-flex wp-container-core-columns-is-layout-28f84493 wp-block-columns-is-layout-flex\">\n<div class=\"wp-block-column is-style-default is-layout-flow wp-block-column-is-layout-flow\" style=\"border-style:none;border-width:0px;padding-top:0;padding-right:0;padding-bottom:0;padding-left:0\">\n<figure class=\"wp-block-image size-full\"><img loading=\"lazy\" decoding=\"async\" width=\"2560\" height=\"1707\" src=\"https:\/\/ciejanette.fr\/wp-content\/uploads\/2025\/10\/scenes_de_rue25_ZelieNoreda-196-scaled.jpg\" alt=\"\" class=\"wp-image-7312\" srcset=\"https:\/\/ciejanette.fr\/wp-content\/uploads\/2025\/10\/scenes_de_rue25_ZelieNoreda-196-scaled.jpg 2560w, https:\/\/ciejanette.fr\/wp-content\/uploads\/2025\/10\/scenes_de_rue25_ZelieNoreda-196-300x200.jpg 300w, https:\/\/ciejanette.fr\/wp-content\/uploads\/2025\/10\/scenes_de_rue25_ZelieNoreda-196-1024x683.jpg 1024w, https:\/\/ciejanette.fr\/wp-content\/uploads\/2025\/10\/scenes_de_rue25_ZelieNoreda-196-2000x1333.jpg 2000w\" sizes=\"(max-width: 2560px) 100vw, 2560px\" \/><\/figure>\n\n\n\n<h3 class=\"wp-block-heading\">PAULINE<\/h3>\n\n\n\n<p><mark style=\"background-color:rgba(0, 0, 0, 0)\" class=\"has-inline-color has-primary-color\">La metteuse en sc\u00e8ne, Pauline, accompagne chaque personnage dans l&rsquo;espace public, de fa\u00e7on discr\u00e8te et malicieuse. Lunettes noires, petit badge \u00ab&nbsp;metteuse en sc\u00e8ne&nbsp;\u00bb \u00e9pingl\u00e9, elle est \u00e0 la fois la garante du cadre fictionnel, r\u00e9gisseuse (enceinte-sac \u00e0 dos permettant de sonoriser les \u00e9pisodes) et sous-titre vivant (gr\u00e2ce des panneaux noirs qui donnent des rep\u00e8res dramaturgiques)<\/mark><\/p>\n<\/div>\n\n\n\n<div class=\"wp-block-column is-style-default is-layout-flow wp-block-column-is-layout-flow\" style=\"border-style:none;border-width:0px;padding-top:0;padding-right:0;padding-bottom:0;padding-left:0\">\n<h3 class=\"wp-block-heading\"><\/h3>\n\n\n\n<p><\/p>\n\n\n\n<ul class=\"wp-block-social-links has-icon-color is-style-logos-only is-layout-flex wp-block-social-links-is-layout-flex\"><\/ul>\n<\/div>\n\n\n\n<div class=\"wp-block-column is-style-default is-layout-flow wp-block-column-is-layout-flow\" style=\"border-style:none;border-width:0px;padding-top:0;padding-right:0;padding-bottom:0;padding-left:0\">\n<h3 class=\"wp-block-heading\"><\/h3>\n\n\n\n<p><\/p>\n\n\n\n<p><\/p>\n\n\n\n<ul class=\"wp-block-social-links has-icon-color is-style-logos-only is-layout-flex wp-block-social-links-is-layout-flex\"><\/ul>\n<\/div>\n<\/div>\n<\/div>\n<\/div>\n<\/div>\n\n\n\n<p><\/p>\n\n\n\n<h2 class=\"wp-block-heading has-large-font-size\">L&rsquo;\u00e9quipe<\/h2>\n\n\n\n<div class=\"wp-block-group has-global-padding is-layout-constrained wp-block-group-is-layout-constrained\">\n<p><strong><code><mark style=\"background-color:#000\" class=\"has-inline-color has-white-color\">Un projet orchestr\u00e9 par<\/mark><\/code><\/strong> : <mark style=\"background-color:rgba(0, 0, 0, 0)\" class=\"has-inline-color has-primary-color\">Pauline Murris<\/mark><\/p>\n\n\n\n<p><code><strong><mark style=\"background-color:#000\" class=\"has-inline-color has-white-color\">Ecrit, mis en sc\u00e8ne et jou\u00e9 par<\/mark><\/strong><\/code><mark style=\"background-color:rgba(0, 0, 0, 0);color:#fffc00\" class=\"has-inline-color\">  <\/mark>: <mark style=\"background-color:rgba(0, 0, 0, 0)\" class=\"has-inline-color has-primary-color\">Marion D\u00e9jardin, Adriana Breviglieri, Luana Volet, Pauline Murris<\/mark><\/p>\n\n\n\n<p><strong><code><mark style=\"background-color:#000\" class=\"has-inline-color has-white-color\">Aide \u00e0 la dramaturgie<\/mark><\/code><\/strong> : <mark style=\"background-color:rgba(0, 0, 0, 0)\" class=\"has-inline-color has-primary-color\">Marion D\u00e9jardin<\/mark><\/p>\n\n\n\n<p><strong><strong><code><mark style=\"background-color:#000\" class=\"has-inline-color has-white-color\">Costumes<\/mark><\/code><\/strong><\/strong> : <mark style=\"background-color:rgba(0, 0, 0, 0)\" class=\"has-inline-color has-primary-color\">Eva Bouthier<\/mark><\/p>\n\n\n\n<p><strong><strong><code><mark style=\"background-color:#101010\" class=\"has-inline-color has-white-color\">Composition musicale de certains morceaux<\/mark><\/code><\/strong><\/strong> : <mark style=\"background-color:rgba(0, 0, 0, 0)\" class=\"has-inline-color has-primary-color\">Jules D\u00e9jardin et Samuel Leon Eschapasse&nbsp;<\/mark><\/p>\n\n\n\n<p><strong><strong><code><mark style=\"background-color:#000\" class=\"has-inline-color has-white-color\">Collaboration artistique \/ regard ext\u00e9rieur<\/mark><\/code><\/strong><\/strong> : <mark style=\"background-color:rgba(0, 0, 0, 0)\" class=\"has-inline-color has-primary-color\">Lucille Tuffery et L\u00e9a Good<\/mark><\/p>\n\n\n\n<p><strong><strong><code><mark style=\"background-color:#000\" class=\"has-inline-color has-white-color\">Conception et construction de supports de m\u00e9diation et de communication<\/mark><\/code><\/strong><\/strong> : <mark style=\"background-color:rgba(0, 0, 0, 0)\" class=\"has-inline-color has-primary-color\">Olga Mathey, en collaboration avec Pauline Murris<\/mark><\/p>\n\n\n\n<p><strong><strong><code><mark style=\"background-color:#101010\" class=\"has-inline-color has-white-color\">Charg\u00e9e de production-diffusion<\/mark><\/code><\/strong><\/strong> : <mark style=\"background-color:rgba(0, 0, 0, 0)\" class=\"has-inline-color has-primary-color\">L\u00e9a Montalbano<\/mark><\/p>\n<\/div>\n\n\n\n<p><\/p>\n\n\n\n<h2 class=\"wp-block-heading has-large-font-size\">Les partenaires<\/h2>\n\n\n\n<div class=\"wp-block-group has-global-padding is-layout-constrained wp-block-group-is-layout-constrained\">\n<p><mark style=\"background-color:rgba(0, 0, 0, 0)\" class=\"has-inline-color has-primary-color\">\u201cSe sauver\u201d est compagnonnage de production avec Lieux Publics, CNAREP, Marseille, dans le cadre du DIMP propos\u00e9 par la FAI-AR.<br>\u201cSe sauver\u201d est laur\u00e9at de la bourse d\u2019\u00e9criture espace public Beaumarchais- SACD 2023, et soutenu par le conseil d\u00e9partemental des Bouches-du-Rh\u00f4ne, la r\u00e9gion PACA, et la DRAC PACA.<\/mark><\/p>\n\n\n\n<p><code><strong><mark style=\"background-color:#101010\" class=\"has-inline-color has-white-color\">Soutiens \u00e0 la r\u00e9sidence<\/mark><\/strong><\/code><mark style=\"background-color:rgba(0, 0, 0, 0);color:#fffc00\" class=\"has-inline-color\">  <\/mark>:<\/p>\n\n\n\n<p><mark style=\"background-color:rgba(0, 0, 0, 0)\" class=\"has-inline-color has-primary-color\">P\u00f4le des arts visuels, Estaque<br>Le Boulon &#8211; CNAREP, Vieux Cond\u00e9<br>Sur le Pont &#8211; CNAREP, La Rochelle<br>La Fai-ar, Cit\u00e9 des arts de la rue<br>Le Grand M\u00e9nage de printemps, Cucuron<\/mark><\/p>\n\n\n\n<p><mark style=\"background-color:#000\" class=\"has-inline-color has-white-color\"><br><code><strong>Co-productions et accueils en r\u00e9sidence<\/strong><\/code> : <\/mark><br><mark style=\"background-color:rgba(0, 0, 0, 0)\" class=\"has-inline-color has-primary-color\">Lieux Publics &#8211; CNAREP, Marseille<br>Pronomade &#8211; CNAREP, Encausse-les-thermes<br>Animakt, Saulx-les-chartreux <br>Au bord de l\u2019eau, Compi\u00e8gne<br>2R2C, Paris<br>Communaut\u00e9 de commune Aunis-Atlantique<br>Service culture de Puget-Theniers<br>Laboratoire de sociologie Passim<br>Vous \u00eates ici, Un festival \u00e0 Villereal<br>Bienvenue L\u00e0-haut<\/mark><\/p>\n<\/div>\n\n\n\n<p><\/p>\n\n\n\n<div class=\"wp-block-group is-nowrap is-layout-flex wp-container-core-group-is-layout-6c531013 wp-block-group-is-layout-flex\">\n<div class=\"wp-block-group has-global-padding is-layout-constrained wp-block-group-is-layout-constrained\">\n<div class=\"wp-block-group is-layout-flow wp-block-group-is-layout-flow\">\n<div class=\"wp-block-columns is-layout-flex wp-container-core-columns-is-layout-28f84493 wp-block-columns-is-layout-flex\">\n<div class=\"wp-block-column is-layout-flow wp-block-column-is-layout-flow\">\n<h2 class=\"wp-block-heading has-text-align-left has-large-font-size\">Nous avons d\u00e9j\u00e0 jou\u00e9 \u00e0 :<\/h2>\n\n\n\n<div class=\"wp-block-columns is-layout-flex wp-container-core-columns-is-layout-28f84493 wp-block-columns-is-layout-flex\">\n<div class=\"wp-block-column is-layout-flow wp-block-column-is-layout-flow\">\n<p style=\"line-height:2.5\"><mark style=\"background-color:rgba(0, 0, 0, 0)\" class=\"has-inline-color has-primary-color\"><strong>Mulhouse<\/strong> (3 jours \/ 3 personnages \/ festival Sc\u00e8nes de rue) -> <a href=\"https:\/\/drive.google.com\/file\/d\/12VVIZ91QOWtvrOnDGkMB493VqqxcxrCu\/view?usp=drive_link\">lire le journal de bord <\/a><br><strong>Viller\u00e9al<\/strong> (3 jours \/ 2 personnages \/ Un festival \u00e0 Viller\u00e9al \/ village de 1260 <mark style=\"background-color:rgba(0, 0, 0, 0)\" class=\"has-inline-color has-primary-color\">habitant\u00b7e\u00b7s<\/mark>)<br><strong>Puget-Th\u00e9niers<\/strong> (3 jours \/ 3 personnages \/ hors festival \/ village de 1800 <mark style=\"background-color:rgba(0, 0, 0, 0)\" class=\"has-inline-color has-primary-color\">habitant\u00b7e\u00b7s<\/mark>) <mark style=\"background-color:rgba(0, 0, 0, 0)\" class=\"has-inline-color has-primary-color\">-><\/mark><\/mark> <a href=\"https:\/\/drive.google.com\/file\/d\/12oeSJt6s1KW9gg00P_YlFqQJ71OCWXjI\/view?usp=drive_link\">lire le journal de bord<\/a> <mark style=\"background-color:rgba(0, 0, 0, 0)\" class=\"has-inline-color has-primary-color\"><br><strong>La Seyne-sur-mer<\/strong> (5 jours \/ 3 personnages \/ avant et pendant le festival Regards sur rue \/ 62900 habitant\u00b7e\u00b7s) -><a href=\"https:\/\/drive.google.com\/file\/d\/1OPKTRc_7zgGs-6T8SnWVJbpk0amnDQTU\/view?usp=drive_link\">lire le journal de bord<\/a><\/mark> <mark style=\"background-color:rgba(0, 0, 0, 0)\" class=\"has-inline-color has-primary-color\"><strong>Les jardins d&rsquo;Ha\u00efti<\/strong> (5 jours \/ 1 personnages \/ pour les r\u00e9sident<mark style=\"background-color:rgba(0, 0, 0, 0)\" class=\"has-inline-color has-primary-color\">\u00b7<\/mark>e<mark style=\"background-color:rgba(0, 0, 0, 0)\" class=\"has-inline-color has-primary-color\">\u00b7<\/mark>s de l&rsquo;ehpad)<\/mark> -><a href=\"https:\/\/drive.google.com\/file\/d\/1v6Z8UIep_B6_YQiWWeHdPHlolBm2TCnN\/view?usp=drive_link\" target=\"_blank\" rel=\"noreferrer noopener\"><mark style=\"background-color:rgba(0, 0, 0, 0)\" class=\"has-inline-color has-secondary-color\">lire le journal de bord<\/mark><\/a><\/p>\n<\/div>\n<\/div>\n<\/div>\n<\/div>\n<\/div>\n<\/div>\n\n\n\n<div style=\"height:100px;width:0px\" aria-hidden=\"true\" class=\"wp-block-spacer wp-container-content-6388d5dc\"><\/div>\n<\/div>\n\n\n\n<p><strong><a href=\"https:\/\/drive.google.com\/file\/d\/15GVfo8dZSKh-SSXGe5n3VAsuG0YMTAZr\/view?usp=sharing\"><mark style=\"background-color:rgba(0, 0, 0, 0)\" class=\"has-inline-color has-primary-color\">ARTICLES DE PRESSE<\/mark><\/a><\/strong><\/p>\n\n\n\n<p><em><mark style=\"background-color:rgba(0, 0, 0, 0)\" class=\"has-inline-color has-primary-color\">Les photos sur cette page ont \u00e9t\u00e9 prises par : Olga Mathey \/ Nicolas Guillemot \/ Pauline Murris<\/mark><\/em><\/p>\n\n\n\n<p><\/p>\n","protected":false},"excerpt":{"rendered":"<p>S\u00e9rie th\u00e9\u00e2trale pour l&rsquo;espace public SE SAUVER SYNOPSIS : La premi\u00e8re s&rsquo;est \u00e9chapp\u00e9 de son mariage.&nbsp;La seconde a tellement r\u00eav\u00e9 d&rsquo;aventure qu&rsquo;elle a fini par se lancer. La troisi\u00e8me a d\u00e9sert\u00e9 son bureau. Hasard, usure, fantasme, ces trois femmes se sont sauv\u00e9es et se sont retrouv\u00e9es sur les routes. Jusqu&rsquo;au jour o\u00f9 ces trois femmes &hellip; <\/p>\n<p class=\"link-more\"><a href=\"https:\/\/ciejanette.fr\/?page_id=6837\" class=\"more-link\">Lire la suite de<span class=\"screen-reader-text\">\u00ab\u00a0Et si un personnage de fiction d\u00e9barquait chez vous ?\u00a0\u00bb<\/span><\/a><\/p>\n","protected":false},"author":1,"featured_media":0,"parent":0,"menu_order":0,"comment_status":"closed","ping_status":"closed","template":"","meta":{"footnotes":""},"class_list":["post-6837","page","type-page","status-publish","hentry"],"featured_media_urls":[],"_links":{"self":[{"href":"https:\/\/ciejanette.fr\/index.php?rest_route=\/wp\/v2\/pages\/6837","targetHints":{"allow":["GET"]}}],"collection":[{"href":"https:\/\/ciejanette.fr\/index.php?rest_route=\/wp\/v2\/pages"}],"about":[{"href":"https:\/\/ciejanette.fr\/index.php?rest_route=\/wp\/v2\/types\/page"}],"author":[{"embeddable":true,"href":"https:\/\/ciejanette.fr\/index.php?rest_route=\/wp\/v2\/users\/1"}],"replies":[{"embeddable":true,"href":"https:\/\/ciejanette.fr\/index.php?rest_route=%2Fwp%2Fv2%2Fcomments&post=6837"}],"version-history":[{"count":83,"href":"https:\/\/ciejanette.fr\/index.php?rest_route=\/wp\/v2\/pages\/6837\/revisions"}],"predecessor-version":[{"id":7714,"href":"https:\/\/ciejanette.fr\/index.php?rest_route=\/wp\/v2\/pages\/6837\/revisions\/7714"}],"wp:attachment":[{"href":"https:\/\/ciejanette.fr\/index.php?rest_route=%2Fwp%2Fv2%2Fmedia&parent=6837"}],"curies":[{"name":"wp","href":"https:\/\/api.w.org\/{rel}","templated":true}]}}