{"id":6982,"date":"2025-10-02T16:00:34","date_gmt":"2025-10-02T16:00:34","guid":{"rendered":"https:\/\/ciejanette.fr\/?page_id=6982"},"modified":"2026-04-01T09:13:57","modified_gmt":"2026-04-01T09:13:57","slug":"calendrier","status":"publish","type":"page","link":"https:\/\/ciejanette.fr\/?page_id=6982","title":{"rendered":"Calendrier"},"content":{"rendered":"\n<p class=\"has-foreground-color has-text-color has-link-color has-medium-font-size wp-elements-ea161f7242dabacce238da86c935d0a3\">&#8211;<strong>Futur<\/strong>&#8211;<\/p>\n\n\n\n<p class=\"has-primary-color has-text-color has-link-color has-small-font-size wp-elements-c3fe69028b8657311e331bf2f6e1bddf\" style=\"font-style:normal;font-weight:400;line-height:1\"><strong><em>SE SAUVER<\/em><\/strong><\/p>\n\n\n\n<p class=\"has-primary-color has-text-color has-link-color has-x-small-font-size wp-elements-a650038d9a8b8c36d933bfb5234bcb33\" style=\"font-style:normal;font-weight:400;line-height:1\">&#8211; Du 24 au 26 avril 2026 : Le Grand M\u00e9nage de Printemps, Cadenet, Vaucluse<\/p>\n\n\n\n<p class=\"has-primary-color has-text-color has-link-color has-x-small-font-size wp-elements-d808da2e26f649fce05ab91fc5354e1b\" style=\"font-style:normal;font-weight:400;line-height:1\">&#8211; Du 5 au 9 juillet 2026 : Les Fadas, Martigues, Bouches-du-Rh\u00f4ne<\/p>\n\n\n\n<p class=\"has-primary-color has-text-color has-link-color has-x-small-font-size wp-elements-d09172d10568cfcc8d46366600e63f3a\" style=\"font-style:normal;font-weight:400;line-height:1\">&#8211; Novembre 2026 : Ehpad de la Martini\u00e8re, programm\u00e9 par Animakt, Essone <\/p>\n\n\n\n<p class=\"has-primary-color has-text-color has-link-color has-x-small-font-size wp-elements-f248f2c6d931ff858b3ba1b11aa07e6a\" style=\"font-style:normal;font-weight:400;line-height:1\">&#8211; 2027 : Pronomade, Haute-Garonne (date et lieu \u00e0 confirmer) <\/p>\n\n\n\n<p class=\"has-primary-color has-text-color has-link-color has-x-small-font-size wp-elements-e7bbc3a6470e91bd9297f5b230634bdb\" style=\"font-style:normal;font-weight:400;line-height:1\">&#8211; Septembre 2027 : Festival Oh les Beaux Jours, Animakt, Essone (lieu \u00e0 confirmer) <\/p>\n\n\n\n<p class=\"has-primary-color has-text-color has-link-color has-x-small-font-size wp-elements-aa1b35d3004d0c0d160b58f91ef05e44\" style=\"font-style:normal;font-weight:400;line-height:1\"><em>Sessions de 2026-27 encore en recherche et en construction<\/em><\/p>\n\n\n\n<p class=\"has-primary-color has-text-color has-link-color has-x-small-font-size wp-elements-49413824b968e0a3556cfca449575af9\" style=\"font-style:normal;font-weight:400;line-height:1\"><strong><em>VIELLES FILLES EN FEU<\/em><\/strong> <\/p>\n\n\n\n<p class=\"has-primary-color has-text-color has-link-color has-x-small-font-size wp-elements-a7ca6e127b2ef9095e32fb1bddb97eba\" style=\"font-style:normal;font-weight:400;line-height:1\">&#8211; Du 30\/03\/26 au 04\/04\/26 : r\u00e9sidence d&rsquo;\u00e9criture, Animakt, Essone<\/p>\n\n\n\n<p class=\"has-primary-color has-text-color has-link-color has-x-small-font-size wp-elements-b4bf3a84500cb3eb98e561bc591bfb31\" style=\"font-style:normal;font-weight:400;line-height:1\"><strong><em>URGENCE-FICTION<\/em><\/strong><\/p>\n\n\n\n<p class=\"has-primary-color has-text-color has-link-color has-x-small-font-size wp-elements-e40f2940f284272cd16cd9543f816e4c\" style=\"font-style:normal;font-weight:400;line-height:1\">&#8211; Du 19\/04\/27 au 24\/04\/27 : r\u00e9sidence d&rsquo;\u00e9criture, Animakt, Essone<\/p>\n\n\n\n<p class=\"has-primary-color has-text-color has-link-color has-x-small-font-size wp-elements-0375e5d36b7430f40c64e58d481377fd\" style=\"font-style:normal;font-weight:400;line-height:1\"><em><strong>L&rsquo;HEURE VAGABONDE<\/strong><\/em> <\/p>\n\n\n\n<p class=\"has-primary-color has-text-color has-link-color has-x-small-font-size wp-elements-8f641ba5ece2db6dda5595f26ae76c0c\" style=\"font-style:normal;font-weight:400;line-height:1\"><mark style=\"background-color:rgba(0, 0, 0, 0)\" class=\"has-inline-color has-primary-color\">Spectacle s\u00e9lectionn\u00e9 par le dispositif Provence en sc\u00e8ne 2026-27.<\/mark><\/p>\n\n\n\n<figure class=\"wp-block-image size-large\"><img fetchpriority=\"high\" decoding=\"async\" width=\"1024\" height=\"683\" src=\"https:\/\/ciejanette.fr\/wp-content\/uploads\/2025\/10\/tumblr_53c8e58105f7e9858ce9f079355f9f86_6f48a9a2_2048-2-1024x683.jpg\" alt=\"\" class=\"wp-image-7334\" srcset=\"https:\/\/ciejanette.fr\/wp-content\/uploads\/2025\/10\/tumblr_53c8e58105f7e9858ce9f079355f9f86_6f48a9a2_2048-2-1024x683.jpg 1024w, https:\/\/ciejanette.fr\/wp-content\/uploads\/2025\/10\/tumblr_53c8e58105f7e9858ce9f079355f9f86_6f48a9a2_2048-2-300x200.jpg 300w, https:\/\/ciejanette.fr\/wp-content\/uploads\/2025\/10\/tumblr_53c8e58105f7e9858ce9f079355f9f86_6f48a9a2_2048-2-2000x1334.jpg 2000w, https:\/\/ciejanette.fr\/wp-content\/uploads\/2025\/10\/tumblr_53c8e58105f7e9858ce9f079355f9f86_6f48a9a2_2048-2.jpg 2048w\" sizes=\"(max-width: 1024px) 100vw, 1024px\" \/><\/figure>\n\n\n\n<p><\/p>\n\n\n\n<p class=\"has-primary-color has-text-color has-link-color has-medium-font-size wp-elements-925efdfe9a8e6e88ea6ad01bad9205fa\" style=\"font-style:normal;font-weight:400;line-height:1\">&#8211;<strong>Pass\u00e9<\/strong>&#8211;<\/p>\n\n\n\n<p class=\"has-primary-color has-text-color has-link-color has-small-font-size wp-elements-c3fe69028b8657311e331bf2f6e1bddf\" style=\"font-style:normal;font-weight:400;line-height:1\"><strong><em>SE SAUVER<\/em><\/strong><\/p>\n\n\n\n<p class=\"has-primary-color has-text-color has-link-color has-x-small-font-size wp-elements-346485f8c07ac4ce379781ba8abd2a2c\" style=\"font-style:normal;font-weight:400;line-height:1\">Du 3\/07\/25 au 5\/07\/25 : Un festival \u00e0 Viller\u00e9al, Lot-et-Garonne (3 jours &#8211; 2 personnages)<\/p>\n\n\n\n<p class=\"has-primary-color has-text-color has-link-color has-x-small-font-size wp-elements-8975ae6be5c9b699386bcd0c847fd2bf\" style=\"font-style:normal;font-weight:400;line-height:1\">Du 10\/07\/25 au 13\/07\/25 : Sc\u00e8nes de rue \u00e0 Mulhouse, Haut-Rhin (3 jours &#8211; 3 personnages)<\/p>\n\n\n\n<p class=\"has-primary-color has-text-color has-link-color has-x-small-font-size wp-elements-3cf9d861466b3c8525879a394934f5cb\" style=\"font-style:normal;font-weight:400;line-height:1\">Du 17\/09\/25 \u00e0 20\/09\/25 : Puget-Th\u00e9niers, Alpes-Maritimes (3 jours &#8211; 3 personnages)<\/p>\n\n\n\n<p class=\"has-primary-color has-text-color has-link-color has-x-small-font-size wp-elements-92fbb796381413f18fa213c7d70cdb97\" style=\"font-style:normal;font-weight:400;line-height:1\">Du 24\/09\/25 \u00e0 28\/09\/25 : Regards de rue, La Seyne-sur-mer, Var (5 jours &#8211; 3 personnages) <\/p>\n\n\n\n<p class=\"has-primary-color has-text-color has-link-color has-x-small-font-size wp-elements-f1b6d440cac7d774393bc3d73ee07826\" style=\"font-style:normal;font-weight:400;line-height:1\">Du 10\/11\/25 au 14\/11\/25 : Gloria aux jardins d&rsquo;Ha\u00efti, Marseille, Bouches-du-Rh\u00f4ne (5 jours &#8211; 1 personnage) &#8211; dans le cadre de Ensemble en Provence<\/p>\n\n\n\n<p><\/p>\n\n\n\n<p class=\"has-primary-color has-text-color has-link-color has-small-font-size wp-elements-47027b236beb4371e1f01e1e55420dc3\" style=\"font-style:normal;font-weight:400;line-height:1\"><strong><em>L&rsquo;HEURE VAGABONDE<\/em><\/strong><\/p>\n\n\n\n<p class=\"has-primary-color has-text-color has-link-color has-x-small-font-size wp-elements-9c827822e18b0335e97dfc8f3618e0be\" style=\"font-style:normal;font-weight:400;line-height:1\"><em>Tourn\u00e9e dans le cadre du dispositif \u00ab\u00a0Le Th\u00e9\u00e2tre se prom\u00e8ne\u00a0\u00bb, \u00e0 Reims<\/em>, <em>Marne<\/em><\/p>\n\n\n\n<p class=\"has-primary-color has-text-color has-link-color has-x-small-font-size wp-elements-4dcf0c60a7b89c8a4ced2303bdd58a83\" style=\"font-style:normal;font-weight:400;line-height:1\">28 juin 2021 : R\u00e9sidence Wilson (Ehpad)<\/p>\n\n\n\n<p class=\"has-primary-color has-text-color has-link-color has-x-small-font-size wp-elements-41eeec6e93c9c399ecf39e12e73f20e7\" style=\"font-style:normal;font-weight:400;line-height:1\">29 juin 2021 : \u00c9cole de la Seconde Chance<\/p>\n\n\n\n<p class=\"has-primary-color has-text-color has-link-color has-x-small-font-size wp-elements-c233adce9686c0abde7135f72627cd76\" style=\"font-style:normal;font-weight:400;line-height:1\">30 juin 2021 : Maison de quartier les Epinettes<\/p>\n\n\n\n<p class=\"has-primary-color has-text-color has-link-color has-x-small-font-size wp-elements-a7f1de541078bcfa529199b80040726f\" style=\"font-style:normal;font-weight:400;line-height:1\">1er juillet 2021 : Maison de quartier Wilson<\/p>\n\n\n\n<p class=\"has-primary-color has-text-color has-link-color has-x-small-font-size wp-elements-f6be942fba97776c6455e469d626910a\" style=\"font-style:normal;font-weight:400;line-height:1\">1er juillet 2021 : Maison de quartier Ar\u00e8nes du Sud<\/p>\n\n\n\n<p class=\"has-primary-color has-text-color has-link-color has-x-small-font-size wp-elements-782447945e6b2464453fad80354744aa\" style=\"font-style:normal;font-weight:400;line-height:1\">2 juillet 2021 : Lyc\u00e9e Gustave Eiffel<\/p>\n\n\n\n<p class=\"has-primary-color has-text-color has-link-color has-x-small-font-size wp-elements-83798af8eb58782379215fe148ed503b\" style=\"font-style:normal;font-weight:400;line-height:1\">2 juillet 2021 : M\u00e9diath\u00e8que Laon-Zola<\/p>\n\n\n\n<p class=\"has-primary-color has-text-color has-link-color has-x-small-font-size wp-elements-7bac843e57df066ad61a0ae510ab5e6c\" style=\"font-style:normal;font-weight:400;line-height:1\">3 juillet 2021 : Maison des ventes<\/p>\n\n\n\n<p class=\"has-primary-color has-text-color has-link-color has-x-small-font-size wp-elements-a15101e96da26b79fe372439368ac671\" style=\"font-style:normal;font-weight:400;line-height:1\">5 juillet 2021 : R\u00e9sidence Nicolas Roland<\/p>\n\n\n\n<p class=\"has-primary-color has-text-color has-link-color has-x-small-font-size wp-elements-9ebcf4d18d0cc2bf23fed02348f2e443\" style=\"font-style:normal;font-weight:400;line-height:1\">5 juillet 2021 : Maison de quartier Ar\u00e8nes du Sud (espace verrerie)<\/p>\n\n\n\n<p class=\"has-primary-color has-text-color has-link-color has-x-small-font-size wp-elements-8640edfd726d701544f606798bcd5d30\" style=\"font-style:normal;font-weight:400;line-height:1\">6 juillet 2021 : Maison de quartier Maison Blanche<\/p>\n\n\n\n<p class=\"has-primary-color has-text-color has-link-color has-x-small-font-size wp-elements-49dc7c91f2bfac0608cb74d49bef6ff6\" style=\"font-style:normal;font-weight:400;line-height:1\">7 juillet 2021 : Korian, villa de R\u00e8mes (maison de retraites)<\/p>\n\n\n\n<p class=\"has-primary-color has-text-color has-link-color has-x-small-font-size wp-elements-440a6d915fcfeab72c81789591375635\" style=\"font-style:normal;font-weight:400;line-height:1\">7 juillet 2021 : La Mine<\/p>\n\n\n\n<p class=\"has-primary-color has-text-color has-link-color has-x-small-font-size wp-elements-c58969026af40a630269d33982fb45ea\" style=\"font-style:normal;font-weight:400;line-height:1\">8 juillet 2021 : Maison de quartier Maison Blanche<\/p>\n\n\n\n<p class=\"has-primary-color has-text-color has-link-color has-x-small-font-size wp-elements-b78ab26a325d67b051866be71d82080e\" style=\"font-style:normal;font-weight:400;line-height:1\">8 juillet 2021 : \u00c9cole de la Seconde Chance<\/p>\n\n\n\n<p class=\"has-primary-color has-text-color has-link-color has-x-small-font-size wp-elements-e260c1165662b6d291bfac7cbe582a63\" style=\"font-style:normal;font-weight:400;line-height:1\">9 juillet 2021 : Maison d&rsquo;arr\u00eat de Reims<\/p>\n\n\n\n<p class=\"has-primary-color has-text-color has-link-color has-x-small-font-size wp-elements-007f9248cae87461a781d7da5ce1fda3\" style=\"font-style:normal;font-weight:400;line-height:1\">9 juillet 2021 : M\u00e9diath\u00e8que Laon-Zola<\/p>\n\n\n\n<p class=\"has-primary-color has-text-color has-link-color has-x-small-font-size wp-elements-f1419ca6589ef3c81ae4cbc2fea032fc\" style=\"font-style:normal;font-weight:400;line-height:1\">10 juillet 2021 : Centre Antonin Artaud<\/p>\n\n\n\n<p class=\"has-primary-color has-text-color has-link-color has-x-small-font-size wp-elements-b87fc27ecacdc191d44a14a67371ba1c\" style=\"font-style:normal;font-weight:400;line-height:1\">10 juillet 2021 : Maison Saint Mart<\/p>\n\n\n\n<p class=\"has-primary-color has-text-color has-link-color has-x-small-font-size wp-elements-0111447cea7b8db74f9ab7426905695c\" style=\"font-style:normal;font-weight:400;line-height:1\"><em>AUTRE<\/em><\/p>\n\n\n\n<p class=\"has-primary-color has-text-color has-link-color has-x-small-font-size wp-elements-188fd2c74f270c231f8e03982521627a\" style=\"font-style:normal;font-weight:400;line-height:1\">31 ao\u00fbt 2024 : Festival Louise, Is\u00e8re<\/p>\n\n\n\n<p><\/p>\n\n\n\n<p><\/p>\n\n\n\n<p><em>Cr\u00e9dit photo de cette page : inconnu<\/em><\/p>\n\n\n\n<p><\/p>\n\n\n\n<p class=\"has-primary-color has-text-color has-link-color has-x-small-font-size wp-elements-d8ccbea64819a5aeeb4674e84cc2d764\" style=\"font-style:normal;font-weight:400;line-height:1\"><\/p>\n\n\n\n<p><\/p>\n","protected":false},"excerpt":{"rendered":"<p>&#8211;Futur&#8211; SE SAUVER &#8211; Du 24 au 26 avril 2026 : Le Grand M\u00e9nage de Printemps, Cadenet, Vaucluse &#8211; Du 5 au 9 juillet 2026 : Les Fadas, Martigues, Bouches-du-Rh\u00f4ne &#8211; Novembre 2026 : Ehpad de la Martini\u00e8re, programm\u00e9 par Animakt, Essone &#8211; 2027 : Pronomade, Haute-Garonne (date et lieu \u00e0 confirmer) &#8211; Septembre 2027 &hellip; <\/p>\n<p class=\"link-more\"><a href=\"https:\/\/ciejanette.fr\/?page_id=6982\" class=\"more-link\">Lire la suite de<span class=\"screen-reader-text\">\u00ab\u00a0Calendrier\u00a0\u00bb<\/span><\/a><\/p>\n","protected":false},"author":1,"featured_media":0,"parent":0,"menu_order":0,"comment_status":"closed","ping_status":"closed","template":"","meta":{"footnotes":""},"class_list":["post-6982","page","type-page","status-publish","hentry"],"featured_media_urls":[],"_links":{"self":[{"href":"https:\/\/ciejanette.fr\/index.php?rest_route=\/wp\/v2\/pages\/6982","targetHints":{"allow":["GET"]}}],"collection":[{"href":"https:\/\/ciejanette.fr\/index.php?rest_route=\/wp\/v2\/pages"}],"about":[{"href":"https:\/\/ciejanette.fr\/index.php?rest_route=\/wp\/v2\/types\/page"}],"author":[{"embeddable":true,"href":"https:\/\/ciejanette.fr\/index.php?rest_route=\/wp\/v2\/users\/1"}],"replies":[{"embeddable":true,"href":"https:\/\/ciejanette.fr\/index.php?rest_route=%2Fwp%2Fv2%2Fcomments&post=6982"}],"version-history":[{"count":52,"href":"https:\/\/ciejanette.fr\/index.php?rest_route=\/wp\/v2\/pages\/6982\/revisions"}],"predecessor-version":[{"id":7740,"href":"https:\/\/ciejanette.fr\/index.php?rest_route=\/wp\/v2\/pages\/6982\/revisions\/7740"}],"wp:attachment":[{"href":"https:\/\/ciejanette.fr\/index.php?rest_route=%2Fwp%2Fv2%2Fmedia&parent=6982"}],"curies":[{"name":"wp","href":"https:\/\/api.w.org\/{rel}","templated":true}]}}