{"id":7022,"date":"2025-10-03T12:43:36","date_gmt":"2025-10-03T12:43:36","guid":{"rendered":"https:\/\/ciejanette.fr\/?page_id=7022"},"modified":"2025-10-22T13:32:28","modified_gmt":"2025-10-22T13:32:28","slug":"bienvenue","status":"publish","type":"page","link":"https:\/\/ciejanette.fr\/?page_id=7022","title":{"rendered":"L&rsquo;HEURE VAGABONDE"},"content":{"rendered":"\n<p style=\"line-height:1\"><mark style=\"background-color:rgba(0, 0, 0, 0)\" class=\"has-inline-color has-primary-color\"><code><kbd><em>avec et par Pauline Murris et Marion D\u00e9jardin<\/em><\/kbd><\/code><\/mark><\/p>\n\n\n\n<div class=\"wp-block-media-text alignfull has-media-on-the-right is-stacked-on-mobile\" style=\"grid-template-columns:auto 46%\"><div class=\"wp-block-media-text__content\">\n<p><\/p>\n\n\n\n<p style=\"line-height:1\"><mark style=\"background-color:rgba(0, 0, 0, 0)\" class=\"has-inline-color has-primary-color\">L\u2019heure Vagabonde est une fausse \u00e9mission th\u00e9\u00e2trale tout terrain, qui cherche \u00e0 f\u00e9miniser et d\u00e9coloniser notre approche du voyage. Le public est invit\u00e9 \u00e0 prendre part \u00e0 une \u00e9mission th\u00e9\u00e2trale fantaisiste dans laquelle sont invit\u00e9es des \u00e9crivaines-voyageuses pr\u00e9f\u00e9r\u00e9es que nous avons choisi pour leur usage du monde, plus ou moins hors norme. En r\u00e9investissant les outils des \u00e9missions radiophoniques et t\u00e9l\u00e9visuelles de fa\u00e7on amusante et onirique, nous souhaitons partager la force de la litt\u00e9rature de voyage, et inviter le public \u00e0 se questionner, t\u00e9moigner, r\u00eaver.<\/mark><\/p>\n\n\n\n<p style=\"line-height:1\"><mark style=\"background-color:rgba(0, 0, 0, 0)\" class=\"has-inline-color has-primary-color\">L&rsquo;Heure Vagabonde s&rsquo;int\u00e9resse \u00e0 des parcours d&rsquo;\u00e9crivaines-voyageuses inspirantes, trop peu connues (Ella Maillart, Catherine Poulain, Marie Seacole, Alexandra David-N\u00e9el, Chantal Thomas, Isabelle Eberhardt, Sarah Marquis, Gloria Steinem&#8230;). Des femmes d&rsquo;hier et d&rsquo;aujourd&rsquo;hui, aux destins hors-normes, parties sur les routes \u00e0 la d\u00e9couverte du monde.<\/mark><\/p>\n\n\n\n<p style=\"line-height:1\"><mark style=\"background-color:rgba(0, 0, 0, 0)\" class=\"has-inline-color has-primary-color\">A mule, \u00e0 voile, \u00e0 pied ou en voiture, ces femmes ont parcouru le monde, de la Mandchourie au Tibet, en passant par l\u2019Afghanistan, le Kirghizistan ou encore la Russie et l\u2019Alaska. De tr\u00e8s longs voyages, souvent seules, qui font r\u00eaver et ouvrent de multiples possibles en soi. Fascin\u00e9es, nous nous sommes int\u00e9ress\u00e9es \u00e0 leur quotidien, \u00e0 leurs conditions concr\u00e8tes d\u2019existence, mais aussi \u00e0 la valeur sociale, politique et esth\u00e9tique de leurs aspirations. Raconter, faire conna\u00eetre, partager leurs qu\u00eates et leurs r\u00e9sistances est pour nous une fa\u00e7on de transmettre aux spectat.eurs.rice.s, comme on partage un secret, d&rsquo;autres formes de courage et d&rsquo;affirmation de soi.<\/mark><\/p>\n\n\n\n<p><a href=\"https:\/\/drive.google.com\/file\/d\/1hCJPKp4KSO3l8zQ_NziMhcZxYhGaFZF-\/view?usp=drive_link\">LIRE LE DOSSIER ARTISTIQUE<\/a><\/p>\n<\/div><figure class=\"wp-block-media-text__media\"><img fetchpriority=\"high\" decoding=\"async\" width=\"1024\" height=\"683\" src=\"https:\/\/ciejanette.fr\/wp-content\/uploads\/2025\/10\/Lheure-vag-1024x683.jpg\" alt=\"\" class=\"wp-image-7358 size-full\" srcset=\"https:\/\/ciejanette.fr\/wp-content\/uploads\/2025\/10\/Lheure-vag-1024x683.jpg 1024w, https:\/\/ciejanette.fr\/wp-content\/uploads\/2025\/10\/Lheure-vag-300x200.jpg 300w, https:\/\/ciejanette.fr\/wp-content\/uploads\/2025\/10\/Lheure-vag-2000x1333.jpg 2000w, https:\/\/ciejanette.fr\/wp-content\/uploads\/2025\/10\/Lheure-vag-600x400.jpg 600w, https:\/\/ciejanette.fr\/wp-content\/uploads\/2025\/10\/Lheure-vag-1200x800.jpg 1200w\" sizes=\"(max-width: 1024px) 100vw, 1024px\" \/><\/figure><\/div>\n\n\n\n<p style=\"line-height:1\"><\/p>\n\n\n\n<p style=\"line-height:1\"><\/p>\n\n\n\n<p style=\"line-height:1\"><\/p>\n\n\n\n<p style=\"line-height:1\"><\/p>\n\n\n\n<p style=\"line-height:1\"><\/p>\n\n\n\n<p style=\"line-height:1\"><\/p>\n\n\n\n<figure class=\"wp-block-gallery has-nested-images columns-default is-cropped wp-block-gallery-1 is-layout-flex wp-block-gallery-is-layout-flex\">\n<figure class=\"wp-block-image size-full\"><img decoding=\"async\" width=\"960\" height=\"720\" data-id=\"7500\" src=\"https:\/\/ciejanette.fr\/wp-content\/uploads\/2025\/10\/210401558_3922582901201675_696184071742369225_n.jpg\" alt=\"\" class=\"wp-image-7500\" srcset=\"https:\/\/ciejanette.fr\/wp-content\/uploads\/2025\/10\/210401558_3922582901201675_696184071742369225_n.jpg 960w, https:\/\/ciejanette.fr\/wp-content\/uploads\/2025\/10\/210401558_3922582901201675_696184071742369225_n-300x225.jpg 300w\" sizes=\"(max-width: 960px) 100vw, 960px\" \/><\/figure>\n\n\n\n<figure class=\"wp-block-image size-full\"><img decoding=\"async\" width=\"1944\" height=\"1296\" data-id=\"7499\" src=\"https:\/\/ciejanette.fr\/wp-content\/uploads\/2025\/10\/213202218_1463950073985482_6536278611960177798_n.jpg\" alt=\"\" class=\"wp-image-7499\" srcset=\"https:\/\/ciejanette.fr\/wp-content\/uploads\/2025\/10\/213202218_1463950073985482_6536278611960177798_n.jpg 1944w, https:\/\/ciejanette.fr\/wp-content\/uploads\/2025\/10\/213202218_1463950073985482_6536278611960177798_n-300x200.jpg 300w, https:\/\/ciejanette.fr\/wp-content\/uploads\/2025\/10\/213202218_1463950073985482_6536278611960177798_n-1024x683.jpg 1024w\" sizes=\"(max-width: 1944px) 100vw, 1944px\" \/><\/figure>\n\n\n\n<figure class=\"wp-block-image size-full\"><img loading=\"lazy\" decoding=\"async\" width=\"1944\" height=\"1296\" data-id=\"7498\" src=\"https:\/\/ciejanette.fr\/wp-content\/uploads\/2025\/10\/214590442_1463950093985480_8532874514526684182_n-1.jpg\" alt=\"\" class=\"wp-image-7498\" srcset=\"https:\/\/ciejanette.fr\/wp-content\/uploads\/2025\/10\/214590442_1463950093985480_8532874514526684182_n-1.jpg 1944w, https:\/\/ciejanette.fr\/wp-content\/uploads\/2025\/10\/214590442_1463950093985480_8532874514526684182_n-1-300x200.jpg 300w, https:\/\/ciejanette.fr\/wp-content\/uploads\/2025\/10\/214590442_1463950093985480_8532874514526684182_n-1-1024x683.jpg 1024w\" sizes=\"(max-width: 1944px) 100vw, 1944px\" \/><\/figure>\n\n\n\n<figure class=\"wp-block-image size-full\"><img loading=\"lazy\" decoding=\"async\" width=\"2560\" height=\"1920\" data-id=\"7497\" src=\"https:\/\/ciejanette.fr\/wp-content\/uploads\/2025\/10\/IMG_2391-scaled.jpg\" alt=\"\" class=\"wp-image-7497\" srcset=\"https:\/\/ciejanette.fr\/wp-content\/uploads\/2025\/10\/IMG_2391-scaled.jpg 2560w, https:\/\/ciejanette.fr\/wp-content\/uploads\/2025\/10\/IMG_2391-300x225.jpg 300w, https:\/\/ciejanette.fr\/wp-content\/uploads\/2025\/10\/IMG_2391-1024x768.jpg 1024w, https:\/\/ciejanette.fr\/wp-content\/uploads\/2025\/10\/IMG_2391-2000x1500.jpg 2000w\" sizes=\"(max-width: 2560px) 100vw, 2560px\" \/><\/figure>\n\n\n\n<figure class=\"wp-block-image size-full\"><img loading=\"lazy\" decoding=\"async\" width=\"1944\" height=\"1296\" data-id=\"7496\" src=\"https:\/\/ciejanette.fr\/wp-content\/uploads\/2025\/10\/214590442_1463950093985480_8532874514526684182_n.jpg\" alt=\"\" class=\"wp-image-7496\" srcset=\"https:\/\/ciejanette.fr\/wp-content\/uploads\/2025\/10\/214590442_1463950093985480_8532874514526684182_n.jpg 1944w, https:\/\/ciejanette.fr\/wp-content\/uploads\/2025\/10\/214590442_1463950093985480_8532874514526684182_n-300x200.jpg 300w, https:\/\/ciejanette.fr\/wp-content\/uploads\/2025\/10\/214590442_1463950093985480_8532874514526684182_n-1024x683.jpg 1024w\" sizes=\"(max-width: 1944px) 100vw, 1944px\" \/><\/figure>\n\n\n\n<figure class=\"wp-block-image size-full\"><img loading=\"lazy\" decoding=\"async\" width=\"2560\" height=\"1920\" data-id=\"7495\" src=\"https:\/\/ciejanette.fr\/wp-content\/uploads\/2025\/10\/IMG_2394-scaled.jpg\" alt=\"\" class=\"wp-image-7495\" srcset=\"https:\/\/ciejanette.fr\/wp-content\/uploads\/2025\/10\/IMG_2394-scaled.jpg 2560w, https:\/\/ciejanette.fr\/wp-content\/uploads\/2025\/10\/IMG_2394-300x225.jpg 300w, https:\/\/ciejanette.fr\/wp-content\/uploads\/2025\/10\/IMG_2394-1024x768.jpg 1024w, https:\/\/ciejanette.fr\/wp-content\/uploads\/2025\/10\/IMG_2394-2000x1500.jpg 2000w\" sizes=\"(max-width: 2560px) 100vw, 2560px\" \/><\/figure>\n\n\n\n<figure class=\"wp-block-image size-full\"><img loading=\"lazy\" decoding=\"async\" width=\"1920\" height=\"2560\" data-id=\"7494\" src=\"https:\/\/ciejanette.fr\/wp-content\/uploads\/2025\/10\/IMG_2397-scaled.jpg\" alt=\"\" class=\"wp-image-7494\" srcset=\"https:\/\/ciejanette.fr\/wp-content\/uploads\/2025\/10\/IMG_2397-scaled.jpg 1920w, https:\/\/ciejanette.fr\/wp-content\/uploads\/2025\/10\/IMG_2397-225x300.jpg 225w, https:\/\/ciejanette.fr\/wp-content\/uploads\/2025\/10\/IMG_2397-768x1024.jpg 768w, https:\/\/ciejanette.fr\/wp-content\/uploads\/2025\/10\/IMG_2397-2000x2667.jpg 2000w\" sizes=\"(max-width: 1920px) 100vw, 1920px\" \/><\/figure>\n\n\n\n<figure class=\"wp-block-image size-full\"><img loading=\"lazy\" decoding=\"async\" width=\"1920\" height=\"2560\" data-id=\"7493\" src=\"https:\/\/ciejanette.fr\/wp-content\/uploads\/2025\/10\/IMG_2404-scaled.jpg\" alt=\"\" class=\"wp-image-7493\" srcset=\"https:\/\/ciejanette.fr\/wp-content\/uploads\/2025\/10\/IMG_2404-scaled.jpg 1920w, https:\/\/ciejanette.fr\/wp-content\/uploads\/2025\/10\/IMG_2404-225x300.jpg 225w, https:\/\/ciejanette.fr\/wp-content\/uploads\/2025\/10\/IMG_2404-768x1024.jpg 768w, https:\/\/ciejanette.fr\/wp-content\/uploads\/2025\/10\/IMG_2404-2000x2667.jpg 2000w\" sizes=\"(max-width: 1920px) 100vw, 1920px\" \/><\/figure>\n\n\n\n<figure class=\"wp-block-image size-full\"><img loading=\"lazy\" decoding=\"async\" width=\"2560\" height=\"1707\" data-id=\"7492\" src=\"https:\/\/ciejanette.fr\/wp-content\/uploads\/2025\/10\/IMG_6646-scaled.jpg\" alt=\"\" class=\"wp-image-7492\" srcset=\"https:\/\/ciejanette.fr\/wp-content\/uploads\/2025\/10\/IMG_6646-scaled.jpg 2560w, https:\/\/ciejanette.fr\/wp-content\/uploads\/2025\/10\/IMG_6646-300x200.jpg 300w, https:\/\/ciejanette.fr\/wp-content\/uploads\/2025\/10\/IMG_6646-1024x683.jpg 1024w, https:\/\/ciejanette.fr\/wp-content\/uploads\/2025\/10\/IMG_6646-2000x1333.jpg 2000w\" sizes=\"(max-width: 2560px) 100vw, 2560px\" \/><\/figure>\n\n\n\n<figure class=\"wp-block-image size-full\"><img loading=\"lazy\" decoding=\"async\" width=\"1707\" height=\"2560\" data-id=\"7491\" src=\"https:\/\/ciejanette.fr\/wp-content\/uploads\/2025\/10\/IMG_6641-1-scaled.jpg\" alt=\"\" class=\"wp-image-7491\" srcset=\"https:\/\/ciejanette.fr\/wp-content\/uploads\/2025\/10\/IMG_6641-1-scaled.jpg 1707w, https:\/\/ciejanette.fr\/wp-content\/uploads\/2025\/10\/IMG_6641-1-200x300.jpg 200w, https:\/\/ciejanette.fr\/wp-content\/uploads\/2025\/10\/IMG_6641-1-683x1024.jpg 683w\" sizes=\"(max-width: 1707px) 100vw, 1707px\" \/><\/figure>\n\n\n\n<figure class=\"wp-block-image size-full\"><img loading=\"lazy\" decoding=\"async\" width=\"1707\" height=\"2560\" data-id=\"7489\" src=\"https:\/\/ciejanette.fr\/wp-content\/uploads\/2025\/10\/IMG_6654-1-scaled.jpg\" alt=\"\" class=\"wp-image-7489\" srcset=\"https:\/\/ciejanette.fr\/wp-content\/uploads\/2025\/10\/IMG_6654-1-scaled.jpg 1707w, https:\/\/ciejanette.fr\/wp-content\/uploads\/2025\/10\/IMG_6654-1-200x300.jpg 200w, https:\/\/ciejanette.fr\/wp-content\/uploads\/2025\/10\/IMG_6654-1-683x1024.jpg 683w\" sizes=\"(max-width: 1707px) 100vw, 1707px\" \/><\/figure>\n\n\n\n<figure class=\"wp-block-image size-full\"><img loading=\"lazy\" decoding=\"async\" width=\"1707\" height=\"2560\" data-id=\"7488\" src=\"https:\/\/ciejanette.fr\/wp-content\/uploads\/2025\/10\/IMG_6648-scaled.jpg\" alt=\"\" class=\"wp-image-7488\" srcset=\"https:\/\/ciejanette.fr\/wp-content\/uploads\/2025\/10\/IMG_6648-scaled.jpg 1707w, https:\/\/ciejanette.fr\/wp-content\/uploads\/2025\/10\/IMG_6648-200x300.jpg 200w, https:\/\/ciejanette.fr\/wp-content\/uploads\/2025\/10\/IMG_6648-683x1024.jpg 683w\" sizes=\"(max-width: 1707px) 100vw, 1707px\" \/><\/figure>\n\n\n\n<figure class=\"wp-block-image size-full\"><img loading=\"lazy\" decoding=\"async\" width=\"1707\" height=\"2560\" data-id=\"7487\" src=\"https:\/\/ciejanette.fr\/wp-content\/uploads\/2025\/10\/IMG_6658-1-scaled.jpg\" alt=\"\" class=\"wp-image-7487\" srcset=\"https:\/\/ciejanette.fr\/wp-content\/uploads\/2025\/10\/IMG_6658-1-scaled.jpg 1707w, https:\/\/ciejanette.fr\/wp-content\/uploads\/2025\/10\/IMG_6658-1-200x300.jpg 200w, https:\/\/ciejanette.fr\/wp-content\/uploads\/2025\/10\/IMG_6658-1-683x1024.jpg 683w\" sizes=\"(max-width: 1707px) 100vw, 1707px\" \/><\/figure>\n\n\n\n<figure class=\"wp-block-image size-full\"><img loading=\"lazy\" decoding=\"async\" width=\"1707\" height=\"2560\" data-id=\"7486\" src=\"https:\/\/ciejanette.fr\/wp-content\/uploads\/2025\/10\/IMG_6656-1-scaled.jpg\" alt=\"\" class=\"wp-image-7486\" srcset=\"https:\/\/ciejanette.fr\/wp-content\/uploads\/2025\/10\/IMG_6656-1-scaled.jpg 1707w, https:\/\/ciejanette.fr\/wp-content\/uploads\/2025\/10\/IMG_6656-1-200x300.jpg 200w, https:\/\/ciejanette.fr\/wp-content\/uploads\/2025\/10\/IMG_6656-1-683x1024.jpg 683w\" sizes=\"(max-width: 1707px) 100vw, 1707px\" \/><\/figure>\n\n\n\n<figure class=\"wp-block-image size-full\"><img loading=\"lazy\" decoding=\"async\" width=\"2560\" height=\"1920\" data-id=\"7485\" src=\"https:\/\/ciejanette.fr\/wp-content\/uploads\/2025\/10\/IMG_E2394-scaled.jpg\" alt=\"\" class=\"wp-image-7485\" srcset=\"https:\/\/ciejanette.fr\/wp-content\/uploads\/2025\/10\/IMG_E2394-scaled.jpg 2560w, https:\/\/ciejanette.fr\/wp-content\/uploads\/2025\/10\/IMG_E2394-300x225.jpg 300w, https:\/\/ciejanette.fr\/wp-content\/uploads\/2025\/10\/IMG_E2394-1024x768.jpg 1024w, https:\/\/ciejanette.fr\/wp-content\/uploads\/2025\/10\/IMG_E2394-2000x1500.jpg 2000w\" sizes=\"(max-width: 2560px) 100vw, 2560px\" \/><\/figure>\n\n\n\n<figure class=\"wp-block-image size-full\"><img loading=\"lazy\" decoding=\"async\" width=\"1707\" height=\"2560\" data-id=\"7484\" src=\"https:\/\/ciejanette.fr\/wp-content\/uploads\/2025\/10\/IMG_6676-scaled.jpg\" alt=\"\" class=\"wp-image-7484\" srcset=\"https:\/\/ciejanette.fr\/wp-content\/uploads\/2025\/10\/IMG_6676-scaled.jpg 1707w, https:\/\/ciejanette.fr\/wp-content\/uploads\/2025\/10\/IMG_6676-200x300.jpg 200w, https:\/\/ciejanette.fr\/wp-content\/uploads\/2025\/10\/IMG_6676-683x1024.jpg 683w\" sizes=\"(max-width: 1707px) 100vw, 1707px\" \/><\/figure>\n\n\n\n<figure class=\"wp-block-image size-full\"><img loading=\"lazy\" decoding=\"async\" width=\"1920\" height=\"2560\" data-id=\"7483\" src=\"https:\/\/ciejanette.fr\/wp-content\/uploads\/2025\/10\/IMG_E2403-scaled.jpg\" alt=\"\" class=\"wp-image-7483\" srcset=\"https:\/\/ciejanette.fr\/wp-content\/uploads\/2025\/10\/IMG_E2403-scaled.jpg 1920w, https:\/\/ciejanette.fr\/wp-content\/uploads\/2025\/10\/IMG_E2403-225x300.jpg 225w, https:\/\/ciejanette.fr\/wp-content\/uploads\/2025\/10\/IMG_E2403-768x1024.jpg 768w, https:\/\/ciejanette.fr\/wp-content\/uploads\/2025\/10\/IMG_E2403-2000x2667.jpg 2000w\" sizes=\"(max-width: 1920px) 100vw, 1920px\" \/><\/figure>\n\n\n\n<figure class=\"wp-block-image size-full\"><img loading=\"lazy\" decoding=\"async\" width=\"960\" height=\"720\" data-id=\"7482\" src=\"https:\/\/ciejanette.fr\/wp-content\/uploads\/2025\/10\/Marion-.jpg\" alt=\"\" class=\"wp-image-7482\" srcset=\"https:\/\/ciejanette.fr\/wp-content\/uploads\/2025\/10\/Marion-.jpg 960w, https:\/\/ciejanette.fr\/wp-content\/uploads\/2025\/10\/Marion--300x225.jpg 300w\" sizes=\"(max-width: 960px) 100vw, 960px\" \/><\/figure>\n<\/figure>\n\n\n\n<p><em><mark style=\"background-color:rgba(0, 0, 0, 0)\" class=\"has-inline-color has-primary-color\">Les photos de cette page ont \u00e9t\u00e9 prises par Pauline Murris \/ Ana\u00efs \/ Lucia Pereira <\/mark><\/em><\/p>\n","protected":false},"excerpt":{"rendered":"<p>avec et par Pauline Murris et Marion D\u00e9jardin L\u2019heure Vagabonde est une fausse \u00e9mission th\u00e9\u00e2trale tout terrain, qui cherche \u00e0 f\u00e9miniser et d\u00e9coloniser notre approche du voyage. Le public est invit\u00e9 \u00e0 prendre part \u00e0 une \u00e9mission th\u00e9\u00e2trale fantaisiste dans laquelle sont invit\u00e9es des \u00e9crivaines-voyageuses pr\u00e9f\u00e9r\u00e9es que nous avons choisi pour leur usage du monde, &hellip; <\/p>\n<p class=\"link-more\"><a href=\"https:\/\/ciejanette.fr\/?page_id=7022\" class=\"more-link\">Lire la suite de<span class=\"screen-reader-text\">\u00ab\u00a0L&rsquo;HEURE VAGABONDE\u00a0\u00bb<\/span><\/a><\/p>\n","protected":false},"author":1,"featured_media":0,"parent":0,"menu_order":0,"comment_status":"closed","ping_status":"closed","template":"","meta":{"footnotes":""},"class_list":["post-7022","page","type-page","status-publish","hentry"],"featured_media_urls":[],"_links":{"self":[{"href":"https:\/\/ciejanette.fr\/index.php?rest_route=\/wp\/v2\/pages\/7022","targetHints":{"allow":["GET"]}}],"collection":[{"href":"https:\/\/ciejanette.fr\/index.php?rest_route=\/wp\/v2\/pages"}],"about":[{"href":"https:\/\/ciejanette.fr\/index.php?rest_route=\/wp\/v2\/types\/page"}],"author":[{"embeddable":true,"href":"https:\/\/ciejanette.fr\/index.php?rest_route=\/wp\/v2\/users\/1"}],"replies":[{"embeddable":true,"href":"https:\/\/ciejanette.fr\/index.php?rest_route=%2Fwp%2Fv2%2Fcomments&post=7022"}],"version-history":[{"count":30,"href":"https:\/\/ciejanette.fr\/index.php?rest_route=\/wp\/v2\/pages\/7022\/revisions"}],"predecessor-version":[{"id":7629,"href":"https:\/\/ciejanette.fr\/index.php?rest_route=\/wp\/v2\/pages\/7022\/revisions\/7629"}],"wp:attachment":[{"href":"https:\/\/ciejanette.fr\/index.php?rest_route=%2Fwp%2Fv2%2Fmedia&parent=7022"}],"curies":[{"name":"wp","href":"https:\/\/api.w.org\/{rel}","templated":true}]}}