{"id":7659,"date":"2025-12-08T15:27:36","date_gmt":"2025-12-08T15:27:36","guid":{"rendered":"https:\/\/ciejanette.fr\/?page_id=7659"},"modified":"2025-12-08T17:07:46","modified_gmt":"2025-12-08T17:07:46","slug":"urgence-fiction","status":"publish","type":"page","link":"https:\/\/ciejanette.fr\/?page_id=7659","title":{"rendered":"URGENCE-FICTION"},"content":{"rendered":"\n<p class=\"has-text-align-left\"><mark style=\"background-color:rgba(0, 0, 0, 0)\" class=\"has-inline-color has-primary-color\">\u201cUrgence-Fiction\u201d est un service public de l\u2019imaginaire qui propose \u00e0 ses b\u00e9n\u00e9ficiaires de prendre rendez-vous avec un personnage de fiction.\u00a0\u00ab\u00a0Urgence-fiction\u00a0\u00bb interroge le rapport entre la r\u00e9alit\u00e9 et la fiction, il propose de d\u00e9ployer de l\u2019imaginaire dans le quotidien.<\/mark><\/p>\n\n\n\n<p class=\"has-text-align-left\"><mark style=\"background-color:rgba(0, 0, 0, 0)\" class=\"has-inline-color has-primary-color\">Nous souhaitons proposer ce service \u00e0 des lieux d\u2019enfermement (prisons, h\u00f4pitaux, ehpad, foyers\u2026). Pour nous adresser \u00e0 des publics qui (majoritairement) font l\u2019exp\u00e9rience de la solitude, de l\u2019ennui, de la mise au ban de la soci\u00e9t\u00e9, de fa\u00e7on particuli\u00e8rement intense. Faire effraction par la fiction dans des vies quotidiennes soumises \u00e0 des contraintes particuli\u00e8rement fortes et douloureuses, assign\u00e9es \u00e0 l\u2019enfermement.<\/mark><\/p>\n\n\n\n<p class=\"has-text-align-left\"><mark style=\"background-color:rgba(0, 0, 0, 0)\" class=\"has-inline-color has-primary-color\">Chacun des personnages d\u2019Urgence-Fiction sera porteur d\u2019un univers riche et singulier, d\u2019une esth\u00e9tique l\u00e9ch\u00e9e, et d\u2019un r\u00e9cit sous-tendu par un enjeu fort.<\/mark><\/p>\n\n\n\n<p class=\"has-text-align-left\"><mark style=\"background-color:rgba(0, 0, 0, 0)\" class=\"has-inline-color has-primary-color\">Les diff\u00e9rents personnages propos\u00e9s partiront d\u2019arch\u00e9types li\u00e9s \u00e0 des genres facilement identifiables : une mari\u00e9e en cavale, extraite d\u2019un film fran\u00e7ais des ann\u00e9es 80. Une domestique qui a tu\u00e9 sa patronne allant puiser dans l\u2019expressionnisme allemand sombre et inqui\u00e9tant. Une femme amn\u00e9sique qui cherche \u00e0 reconstituer ses souvenirs, sortie tout droit d\u2019un film noir des ann\u00e9es 50. Une mutante mi femme-mi punaise de lit qui nous arrive du futur, \u00e9chapp\u00e9e d\u2019une s\u00e9rie Z post-apocalyptique.Une extraterrestre colonisatrice venue mettre l\u2019humanit\u00e9 en esclavage, convoquant l\u2019imaginaire de la science-fiction futuriste (space op\u00e9ra). Une f\u00e9e qui a perdu ses pouvoirs, appelant le merveilleux des contes de f\u00e9es. Une chevaleresse \u00e0 votre service, empruntant au clown et \u00e0 l\u2019univers m\u00e9di\u00e9val.<\/mark><\/p>\n\n\n\n<p class=\"has-text-align-left\"><mark style=\"background-color:rgba(0, 0, 0, 0)\" class=\"has-inline-color has-primary-color\">Le point commun \u00e0 tous nos personnages, c\u2019est la question de l\u2019empouvoirement, la tentative d\u2019une prise de pouvoir, dans une soci\u00e9t\u00e9 profond\u00e9ment injuste et in\u00e9galitaire, r\u00e9gie par des rapports de domination destructeurs. Prendre le pouvoir sur l\u2019esp\u00e8ce humaine (pour l\u2019extraterrestre), reprendre le contr\u00f4le de sa vie (pour la femme amn\u00e9sique et la mari\u00e9e en cavale), trouver des moyens d\u2019agir pour emp\u00eacher une catastrophe \u00e0 venir (pour la mutante venue du futur), recouvrer ses pouvoirs magiques (pour la f\u00e9e), revendiquer son geste au nom de son int\u00e9grit\u00e9 (pour la domestique meurtri\u00e8re) : autant de modalit\u00e9s sc\u00e9naristiques permettant d\u2019interroger notre capacit\u00e9 d\u2019agir (individuelle et collective) et les structures de pouvoir qui r\u00e9gissent nos existences.<\/mark><\/p>\n\n\n\n<p class=\"has-text-align-left\"><mark style=\"background-color:rgba(0, 0, 0, 0)\" class=\"has-inline-color has-primary-color\">Nous avons pens\u00e9 Urgence-fiction comme une proposition artistique dans laquelle la participation du public puisse \u00eatre entendue et valoris\u00e9e. La personne rencontr\u00e9e sera donc toujours mise \u00e0 contribution par le personnage, embarqu\u00e9e de mani\u00e8re ou d\u2019une autre dans sa qu\u00eate. Pour chaque personnage, nous arriverons avec un r\u00e9cit fort et palpitant, diff\u00e9rents rebondissements possibles, la plong\u00e9e dans un univers riche et d\u00e9cal\u00e9, mais \u00e9galement un espace d\u2019expression et la possibilit\u00e9 de cr\u00e9er en direct avec nous. Il ne s\u2019agira pas de plaquer un mini spectacle \u00e0 chaque rencontre, mais plut\u00f4t d\u2019\u00e9crire un caneva nous permettant de nous adapter en direct, de faire du sur-mesure en fonction des personnes rencontr\u00e9es.<\/mark><\/p>\n\n\n\n<figure class=\"wp-block-gallery has-nested-images columns-default is-cropped wp-block-gallery-1 is-layout-flex wp-block-gallery-is-layout-flex\">\n<figure class=\"wp-block-image size-large\"><img fetchpriority=\"high\" decoding=\"async\" width=\"789\" height=\"1024\" data-id=\"7679\" src=\"https:\/\/ciejanette.fr\/wp-content\/uploads\/2025\/12\/La-femme-mutante-du-futur-2-789x1024.jpg\" alt=\"\" class=\"wp-image-7679\" srcset=\"https:\/\/ciejanette.fr\/wp-content\/uploads\/2025\/12\/La-femme-mutante-du-futur-2-789x1024.jpg 789w, https:\/\/ciejanette.fr\/wp-content\/uploads\/2025\/12\/La-femme-mutante-du-futur-2-231x300.jpg 231w, https:\/\/ciejanette.fr\/wp-content\/uploads\/2025\/12\/La-femme-mutante-du-futur-2.jpg 1926w\" sizes=\"(max-width: 789px) 100vw, 789px\" \/><\/figure>\n\n\n\n<figure class=\"wp-block-image size-large\"><img decoding=\"async\" width=\"749\" height=\"1024\" data-id=\"7678\" src=\"https:\/\/ciejanette.fr\/wp-content\/uploads\/2025\/12\/la-fee-decrepite-2-749x1024.jpg\" alt=\"\" class=\"wp-image-7678\" srcset=\"https:\/\/ciejanette.fr\/wp-content\/uploads\/2025\/12\/la-fee-decrepite-2-749x1024.jpg 749w, https:\/\/ciejanette.fr\/wp-content\/uploads\/2025\/12\/la-fee-decrepite-2-219x300.jpg 219w, https:\/\/ciejanette.fr\/wp-content\/uploads\/2025\/12\/la-fee-decrepite-2-scaled.jpg 1873w\" sizes=\"(max-width: 749px) 100vw, 749px\" \/><\/figure>\n\n\n\n<figure class=\"wp-block-image size-large\"><img decoding=\"async\" width=\"647\" height=\"1024\" data-id=\"7677\" src=\"https:\/\/ciejanette.fr\/wp-content\/uploads\/2025\/12\/la-domestique-criminelle-2-647x1024.jpg\" alt=\"\" class=\"wp-image-7677\" srcset=\"https:\/\/ciejanette.fr\/wp-content\/uploads\/2025\/12\/la-domestique-criminelle-2-647x1024.jpg 647w, https:\/\/ciejanette.fr\/wp-content\/uploads\/2025\/12\/la-domestique-criminelle-2-190x300.jpg 190w, https:\/\/ciejanette.fr\/wp-content\/uploads\/2025\/12\/la-domestique-criminelle-2-scaled.jpg 1618w\" sizes=\"(max-width: 647px) 100vw, 647px\" \/><\/figure>\n<\/figure>\n\n\n\n<p><\/p>\n\n\n\n<p><\/p>\n","protected":false},"excerpt":{"rendered":"<p>\u201cUrgence-Fiction\u201d est un service public de l\u2019imaginaire qui propose \u00e0 ses b\u00e9n\u00e9ficiaires de prendre rendez-vous avec un personnage de fiction.\u00a0\u00ab\u00a0Urgence-fiction\u00a0\u00bb interroge le rapport entre la r\u00e9alit\u00e9 et la fiction, il propose de d\u00e9ployer de l\u2019imaginaire dans le quotidien. Nous souhaitons proposer ce service \u00e0 des lieux d\u2019enfermement (prisons, h\u00f4pitaux, ehpad, foyers\u2026). Pour nous adresser \u00e0 &hellip; <\/p>\n<p class=\"link-more\"><a href=\"https:\/\/ciejanette.fr\/?page_id=7659\" class=\"more-link\">Lire la suite de<span class=\"screen-reader-text\">\u00ab\u00a0URGENCE-FICTION\u00a0\u00bb<\/span><\/a><\/p>\n","protected":false},"author":1,"featured_media":0,"parent":0,"menu_order":0,"comment_status":"closed","ping_status":"closed","template":"","meta":{"footnotes":""},"class_list":["post-7659","page","type-page","status-publish","hentry"],"featured_media_urls":[],"_links":{"self":[{"href":"https:\/\/ciejanette.fr\/index.php?rest_route=\/wp\/v2\/pages\/7659","targetHints":{"allow":["GET"]}}],"collection":[{"href":"https:\/\/ciejanette.fr\/index.php?rest_route=\/wp\/v2\/pages"}],"about":[{"href":"https:\/\/ciejanette.fr\/index.php?rest_route=\/wp\/v2\/types\/page"}],"author":[{"embeddable":true,"href":"https:\/\/ciejanette.fr\/index.php?rest_route=\/wp\/v2\/users\/1"}],"replies":[{"embeddable":true,"href":"https:\/\/ciejanette.fr\/index.php?rest_route=%2Fwp%2Fv2%2Fcomments&post=7659"}],"version-history":[{"count":14,"href":"https:\/\/ciejanette.fr\/index.php?rest_route=\/wp\/v2\/pages\/7659\/revisions"}],"predecessor-version":[{"id":7688,"href":"https:\/\/ciejanette.fr\/index.php?rest_route=\/wp\/v2\/pages\/7659\/revisions\/7688"}],"wp:attachment":[{"href":"https:\/\/ciejanette.fr\/index.php?rest_route=%2Fwp%2Fv2%2Fmedia&parent=7659"}],"curies":[{"name":"wp","href":"https:\/\/api.w.org\/{rel}","templated":true}]}}