{"id":8,"date":"2025-10-02T15:23:16","date_gmt":"2025-10-02T15:23:16","guid":{"rendered":"https:\/\/ciejanette.fr\/?page_id=8"},"modified":"2026-01-27T14:14:40","modified_gmt":"2026-01-27T14:14:40","slug":"nous","status":"publish","type":"page","link":"https:\/\/ciejanette.fr\/?page_id=8","title":{"rendered":""},"content":{"rendered":"\n<figure class=\"wp-block-image size-full\"><img fetchpriority=\"high\" decoding=\"async\" width=\"1024\" height=\"696\" src=\"https:\/\/ciejanette.fr\/wp-content\/uploads\/2025\/10\/les-coiffeuses-au-soleil.jpg\" alt=\"\" class=\"wp-image-7389\" srcset=\"https:\/\/ciejanette.fr\/wp-content\/uploads\/2025\/10\/les-coiffeuses-au-soleil.jpg 1024w, https:\/\/ciejanette.fr\/wp-content\/uploads\/2025\/10\/les-coiffeuses-au-soleil-300x204.jpg 300w\" sizes=\"(max-width: 1024px) 100vw, 1024px\" \/><\/figure>\n\n\n\n<p><mark style=\"background-color:rgba(0, 0, 0, 0)\" class=\"has-inline-color has-primary-color\">Janette est une compagnie de th\u00e9\u00e2tre cr\u00e9\u00e9 par Pauline Murris, \u00e0 Marseille.<\/mark><\/p>\n\n\n\n<p><mark style=\"background-color:rgba(0, 0, 0, 0)\" class=\"has-inline-color has-primary-color\">Avec la cie Janette, nous cherchons \u00e0 d\u00e9velopper un th\u00e9\u00e2tre exigeant et accessible, questionnant de mani\u00e8re ludique et d\u00e9cal\u00e9e les normes et les structures de pouvoirs qui p\u00e8sent sur nos vies. Nos recherches portent essentiellement sur la rencontre fiction-r\u00e9alit\u00e9 \u00e0 travers des personnages de fiction infiltr\u00e9s dans la vie d\u2019un lieu, et sur les liens entre les m\u00e9thodologies des sciences humaines et nos savoir-faire th\u00e9\u00e2traux. Nous envisageons l\u2019espace public comme lieu de rencontre et de partage, et nous aimons aller l\u00e0 o\u00f9 le public se trouve d\u00e9j\u00e0, dans ses espaces de vie, plut\u00f4t que de le faire venir \u00e0 nous. Il nous tient \u00e0 c\u0153ur de partager des r\u00e9cits inspirants, en cr\u00e9ant des espaces de r\u00eaves, de fiction, et de r\u00e9flexion dans la vie de tous les jours.&nbsp;<\/mark> &nbsp;<\/p>\n\n\n\n<p><mark style=\"background-color:rgba(0, 0, 0, 0)\" class=\"has-inline-color has-primary-color\">Go\u00fbt prononc\u00e9 pour l\u2019enqu\u00eate au long cours, les fragments, et les personnages cin\u00e9matographiques.<\/mark><\/p>\n\n\n\n<p><mark style=\"background-color:rgba(0, 0, 0, 0)\" class=\"has-inline-color has-primary-color\">Les projets th\u00e9\u00e2traux que nous con\u00e7evons cherchent un nouveau rapport au public, plus immersif et participatif. A chaque fois, nous nous demandons comment cr\u00e9er les conditions d\u2019une rencontre riche, fantaisiste et surprenante entre des spectat\u00b7eur\u00b7rice\u00b7s et nos propositions artistiques.<\/mark><\/p>\n\n\n\n<p><\/p>\n\n\n\n<p><\/p>\n\n\n\n<p><em><mark style=\"background-color:rgba(0, 0, 0, 0)\" class=\"has-inline-color has-primary-color\">cr\u00e9dit photo : R. Doisneau. Les coiffeuses au soleil. Paris. 1966.<\/mark><\/em><\/p>\n","protected":false},"excerpt":{"rendered":"<p>Janette est une compagnie de th\u00e9\u00e2tre cr\u00e9\u00e9 par Pauline Murris, \u00e0 Marseille. Avec la cie Janette, nous cherchons \u00e0 d\u00e9velopper un th\u00e9\u00e2tre exigeant et accessible, questionnant de mani\u00e8re ludique et d\u00e9cal\u00e9e les normes et les structures de pouvoirs qui p\u00e8sent sur nos vies. Nos recherches portent essentiellement sur la rencontre fiction-r\u00e9alit\u00e9 \u00e0 travers des personnages &hellip; <\/p>\n<p class=\"link-more\"><a href=\"https:\/\/ciejanette.fr\/?page_id=8\" class=\"more-link\">Lire la suite de<span class=\"screen-reader-text\">\u00ab\u00a0\u00a0\u00bb<\/span><\/a><\/p>\n","protected":false},"author":1,"featured_media":0,"parent":0,"menu_order":0,"comment_status":"closed","ping_status":"closed","template":"","meta":{"footnotes":""},"class_list":["post-8","page","type-page","status-publish","hentry"],"featured_media_urls":[],"_links":{"self":[{"href":"https:\/\/ciejanette.fr\/index.php?rest_route=\/wp\/v2\/pages\/8","targetHints":{"allow":["GET"]}}],"collection":[{"href":"https:\/\/ciejanette.fr\/index.php?rest_route=\/wp\/v2\/pages"}],"about":[{"href":"https:\/\/ciejanette.fr\/index.php?rest_route=\/wp\/v2\/types\/page"}],"author":[{"embeddable":true,"href":"https:\/\/ciejanette.fr\/index.php?rest_route=\/wp\/v2\/users\/1"}],"replies":[{"embeddable":true,"href":"https:\/\/ciejanette.fr\/index.php?rest_route=%2Fwp%2Fv2%2Fcomments&post=8"}],"version-history":[{"count":31,"href":"https:\/\/ciejanette.fr\/index.php?rest_route=\/wp\/v2\/pages\/8\/revisions"}],"predecessor-version":[{"id":7728,"href":"https:\/\/ciejanette.fr\/index.php?rest_route=\/wp\/v2\/pages\/8\/revisions\/7728"}],"wp:attachment":[{"href":"https:\/\/ciejanette.fr\/index.php?rest_route=%2Fwp%2Fv2%2Fmedia&parent=8"}],"curies":[{"name":"wp","href":"https:\/\/api.w.org\/{rel}","templated":true}]}}